{"id":3900,"date":"2023-09-01T11:41:53","date_gmt":"2023-09-01T11:41:53","guid":{"rendered":"https:\/\/bzsos.pl\/jestem-organizacja-chce-otrzymac-zywnosc\/"},"modified":"2025-05-16T11:56:25","modified_gmt":"2025-05-16T11:56:25","slug":"i-represent-an-organisation-i-wish-to-obtain-food","status":"publish","type":"page","link":"https:\/\/bzsos.pl\/en\/i-represent-an-organisation-i-wish-to-obtain-food\/","title":{"rendered":"I represent an organisation &#8211; I wish to obtain food"},"content":{"rendered":"\n            <div class=\"cb__text-container\">\n            <div class=\"grid\">\n                <div class=\"cb__text start-2 end-9 start-md-1 end-md-13\">\n                    <p>If you are a NGO or another aid facility offering food-related assistance in various forms (e.g. food packages, hot meals, providing food to people in need) \u2013 let\u2019s collaborate!<\/p>\n<p><strong>Call us or write us a message:<\/strong><\/p>\n<p>Agata Obro\u015blak \u2013 Partner Organisation Network Coordinator<\/p>\n<p>phone: (+48) 516-671-188<\/p>\n<p>email: agata.obroslak@bzsos.pl<\/p>\n                <\/div>\n            <\/div>\n        <\/div>\n    \n\n\n\n\n<figure class=\"wp-block-image aligncenter size-large\"><img loading=\"lazy\" decoding=\"async\" width=\"1024\" height=\"578\" src=\"https:\/\/bzsos.pl\/app\/uploads\/2023\/11\/Jak_organizacja_nawiazac_wspolprace_bank_zywnosci_sos_w_warszawie-1024x578.png\" alt=\"\" class=\"wp-image-2278\" srcset=\"https:\/\/bzsos.pl\/app\/uploads\/2023\/11\/Jak_organizacja_nawiazac_wspolprace_bank_zywnosci_sos_w_warszawie-1024x578.png 1024w, https:\/\/bzsos.pl\/app\/uploads\/2023\/11\/Jak_organizacja_nawiazac_wspolprace_bank_zywnosci_sos_w_warszawie-300x169.png 300w, https:\/\/bzsos.pl\/app\/uploads\/2023\/11\/Jak_organizacja_nawiazac_wspolprace_bank_zywnosci_sos_w_warszawie-768x434.png 768w, https:\/\/bzsos.pl\/app\/uploads\/2023\/11\/Jak_organizacja_nawiazac_wspolprace_bank_zywnosci_sos_w_warszawie-1536x867.png 1536w, https:\/\/bzsos.pl\/app\/uploads\/2023\/11\/Jak_organizacja_nawiazac_wspolprace_bank_zywnosci_sos_w_warszawie-2048x1157.png 2048w\" sizes=\"auto, (max-width: 1024px) 100vw, 1024px\" \/><\/figure>\n\n\n\n            <div class=\"cb__text-container\">\n            <div class=\"grid\">\n                <div class=\"cb__text start-2 end-9 start-md-1 end-md-13\">\n                    <p>See the attachments:<\/p>\n                <\/div>\n            <\/div>\n        <\/div>\n    \n\n\n\n\n<div class=\"wp-block-file\"><a id=\"wp-block-file--media-b748eece-d3fb-43b2-846a-d664d2461456\" href=\"https:\/\/bzsos.pl\/app\/uploads\/2024\/08\/Zal_1_Wniosek-o-wspolprace.doc\">Za\u0142_1_Wniosek o wsp\u00f3\u0142prac\u0119<\/a><a href=\"https:\/\/bzsos.pl\/app\/uploads\/2024\/08\/Zal_1_Wniosek-o-wspolprace.doc\" class=\"wp-block-file__button wp-element-button\" download aria-describedby=\"wp-block-file--media-b748eece-d3fb-43b2-846a-d664d2461456\">Pobierz<\/a><\/div>\n\n\n\n<div class=\"wp-block-file\"><a id=\"wp-block-file--media-57b0816b-1b18-42a7-b346-6e2c38e02d74\" href=\"https:\/\/bzsos.pl\/app\/uploads\/2024\/08\/Zasady-wspolpracy_I_2024.pdf\">Zasady wsp\u00f3\u0142pracy_I_2024<\/a><a href=\"https:\/\/bzsos.pl\/app\/uploads\/2024\/08\/Zasady-wspolpracy_I_2024.pdf\" class=\"wp-block-file__button wp-element-button\" download aria-describedby=\"wp-block-file--media-57b0816b-1b18-42a7-b346-6e2c38e02d74\">Pobierz<\/a><\/div>\n","protected":false},"excerpt":{"rendered":"","protected":false},"author":1,"featured_media":0,"parent":0,"menu_order":0,"comment_status":"closed","ping_status":"closed","template":"","meta":{"_acf_changed":false,"inline_featured_image":false,"footnotes":""},"class_list":["post-3900","page","type-page","status-publish","hentry"],"acf":[],"yoast_head":"<!-- This site is optimized with the Yoast SEO plugin v25.3 - https:\/\/yoast.com\/wordpress\/plugins\/seo\/ -->\n<title>I represent an organisation - I wish to obtain food -<\/title>\n<meta name=\"description\" content=\"Do\u0142\u0105cz do sieci partnerskiej Banku \u017bywno\u015bci SOS w Warszawie i otrzymuj pomoc \u017cywno\u015bciow\u0105. Skontaktuj si\u0119 z nami.\" \/>\n<meta name=\"robots\" content=\"index, follow, max-snippet:-1, max-image-preview:large, max-video-preview:-1\" \/>\n<link rel=\"canonical\" href=\"https:\/\/bzsos.pl\/en\/i-represent-an-organisation-i-wish-to-obtain-food\/\" \/>\n<meta property=\"og:locale\" content=\"en_US\" \/>\n<meta property=\"og:type\" content=\"article\" \/>\n<meta property=\"og:title\" content=\"I represent an organisation - I wish to obtain food -\" \/>\n<meta property=\"og:description\" content=\"Do\u0142\u0105cz do sieci partnerskiej Banku \u017bywno\u015bci SOS w Warszawie i otrzymuj pomoc \u017cywno\u015bciow\u0105. Skontaktuj si\u0119 z nami.\" \/>\n<meta property=\"og:url\" content=\"https:\/\/bzsos.pl\/en\/i-represent-an-organisation-i-wish-to-obtain-food\/\" \/>\n<meta property=\"article:modified_time\" content=\"2025-05-16T11:56:25+00:00\" \/>\n<meta property=\"og:image\" content=\"https:\/\/bzsos.pl\/app\/uploads\/2023\/11\/Jak_organizacja_nawiazac_wspolprace_bank_zywnosci_sos_w_warszawie.png\" \/>\n\t<meta property=\"og:image:width\" content=\"2748\" \/>\n\t<meta property=\"og:image:height\" content=\"1552\" \/>\n\t<meta property=\"og:image:type\" content=\"image\/png\" \/>\n<meta name=\"twitter:card\" content=\"summary_large_image\" \/>\n<meta name=\"twitter:label1\" content=\"Est. reading time\" \/>\n\t<meta name=\"twitter:data1\" content=\"1 minute\" \/>\n<script type=\"application\/ld+json\" class=\"yoast-schema-graph\">{\"@context\":\"https:\/\/schema.org\",\"@graph\":[{\"@type\":\"WebPage\",\"@id\":\"https:\/\/bzsos.pl\/en\/i-represent-an-organisation-i-wish-to-obtain-food\/\",\"url\":\"https:\/\/bzsos.pl\/en\/i-represent-an-organisation-i-wish-to-obtain-food\/\",\"name\":\"I represent an organisation - I wish to obtain food -\",\"isPartOf\":{\"@id\":\"https:\/\/bzsos.pl\/#website\"},\"primaryImageOfPage\":{\"@id\":\"https:\/\/bzsos.pl\/en\/i-represent-an-organisation-i-wish-to-obtain-food\/#primaryimage\"},\"image\":{\"@id\":\"https:\/\/bzsos.pl\/en\/i-represent-an-organisation-i-wish-to-obtain-food\/#primaryimage\"},\"thumbnailUrl\":\"https:\/\/bzsos.pl\/app\/uploads\/2023\/11\/Jak_organizacja_nawiazac_wspolprace_bank_zywnosci_sos_w_warszawie-1024x578.png\",\"datePublished\":\"2023-09-01T11:41:53+00:00\",\"dateModified\":\"2025-05-16T11:56:25+00:00\",\"description\":\"Do\u0142\u0105cz do sieci partnerskiej Banku \u017bywno\u015bci SOS w Warszawie i otrzymuj pomoc \u017cywno\u015bciow\u0105. Skontaktuj si\u0119 z nami.\",\"breadcrumb\":{\"@id\":\"https:\/\/bzsos.pl\/en\/i-represent-an-organisation-i-wish-to-obtain-food\/#breadcrumb\"},\"inLanguage\":\"en-US\",\"potentialAction\":[{\"@type\":\"ReadAction\",\"target\":[\"https:\/\/bzsos.pl\/en\/i-represent-an-organisation-i-wish-to-obtain-food\/\"]}]},{\"@type\":\"ImageObject\",\"inLanguage\":\"en-US\",\"@id\":\"https:\/\/bzsos.pl\/en\/i-represent-an-organisation-i-wish-to-obtain-food\/#primaryimage\",\"url\":\"https:\/\/bzsos.pl\/app\/uploads\/2023\/11\/Jak_organizacja_nawiazac_wspolprace_bank_zywnosci_sos_w_warszawie-1024x578.png\",\"contentUrl\":\"https:\/\/bzsos.pl\/app\/uploads\/2023\/11\/Jak_organizacja_nawiazac_wspolprace_bank_zywnosci_sos_w_warszawie-1024x578.png\"},{\"@type\":\"BreadcrumbList\",\"@id\":\"https:\/\/bzsos.pl\/en\/i-represent-an-organisation-i-wish-to-obtain-food\/#breadcrumb\",\"itemListElement\":[{\"@type\":\"ListItem\",\"position\":1,\"name\":\"Home\",\"item\":\"https:\/\/bzsos.pl\/en\/\"},{\"@type\":\"ListItem\",\"position\":2,\"name\":\"I represent an organisation &#8211; I wish to obtain food\"}]},{\"@type\":\"WebSite\",\"@id\":\"https:\/\/bzsos.pl\/#website\",\"url\":\"https:\/\/bzsos.pl\/\",\"name\":\"\",\"description\":\"\",\"potentialAction\":[{\"@type\":\"SearchAction\",\"target\":{\"@type\":\"EntryPoint\",\"urlTemplate\":\"https:\/\/bzsos.pl\/?s={search_term_string}\"},\"query-input\":{\"@type\":\"PropertyValueSpecification\",\"valueRequired\":true,\"valueName\":\"search_term_string\"}}],\"inLanguage\":\"en-US\"}]}<\/script>\n<!-- \/ Yoast SEO plugin. -->","yoast_head_json":{"title":"I represent an organisation - I wish to obtain food -","description":"Do\u0142\u0105cz do sieci partnerskiej Banku \u017bywno\u015bci SOS w Warszawie i otrzymuj pomoc \u017cywno\u015bciow\u0105. Skontaktuj si\u0119 z nami.","robots":{"index":"index","follow":"follow","max-snippet":"max-snippet:-1","max-image-preview":"max-image-preview:large","max-video-preview":"max-video-preview:-1"},"canonical":"https:\/\/bzsos.pl\/en\/i-represent-an-organisation-i-wish-to-obtain-food\/","og_locale":"en_US","og_type":"article","og_title":"I represent an organisation - I wish to obtain food -","og_description":"Do\u0142\u0105cz do sieci partnerskiej Banku \u017bywno\u015bci SOS w Warszawie i otrzymuj pomoc \u017cywno\u015bciow\u0105. Skontaktuj si\u0119 z nami.","og_url":"https:\/\/bzsos.pl\/en\/i-represent-an-organisation-i-wish-to-obtain-food\/","article_modified_time":"2025-05-16T11:56:25+00:00","og_image":[{"width":2748,"height":1552,"url":"https:\/\/bzsos.pl\/app\/uploads\/2023\/11\/Jak_organizacja_nawiazac_wspolprace_bank_zywnosci_sos_w_warszawie.png","type":"image\/png"}],"twitter_card":"summary_large_image","twitter_misc":{"Est. reading time":"1 minute"},"schema":{"@context":"https:\/\/schema.org","@graph":[{"@type":"WebPage","@id":"https:\/\/bzsos.pl\/en\/i-represent-an-organisation-i-wish-to-obtain-food\/","url":"https:\/\/bzsos.pl\/en\/i-represent-an-organisation-i-wish-to-obtain-food\/","name":"I represent an organisation - I wish to obtain food -","isPartOf":{"@id":"https:\/\/bzsos.pl\/#website"},"primaryImageOfPage":{"@id":"https:\/\/bzsos.pl\/en\/i-represent-an-organisation-i-wish-to-obtain-food\/#primaryimage"},"image":{"@id":"https:\/\/bzsos.pl\/en\/i-represent-an-organisation-i-wish-to-obtain-food\/#primaryimage"},"thumbnailUrl":"https:\/\/bzsos.pl\/app\/uploads\/2023\/11\/Jak_organizacja_nawiazac_wspolprace_bank_zywnosci_sos_w_warszawie-1024x578.png","datePublished":"2023-09-01T11:41:53+00:00","dateModified":"2025-05-16T11:56:25+00:00","description":"Do\u0142\u0105cz do sieci partnerskiej Banku \u017bywno\u015bci SOS w Warszawie i otrzymuj pomoc \u017cywno\u015bciow\u0105. Skontaktuj si\u0119 z nami.","breadcrumb":{"@id":"https:\/\/bzsos.pl\/en\/i-represent-an-organisation-i-wish-to-obtain-food\/#breadcrumb"},"inLanguage":"en-US","potentialAction":[{"@type":"ReadAction","target":["https:\/\/bzsos.pl\/en\/i-represent-an-organisation-i-wish-to-obtain-food\/"]}]},{"@type":"ImageObject","inLanguage":"en-US","@id":"https:\/\/bzsos.pl\/en\/i-represent-an-organisation-i-wish-to-obtain-food\/#primaryimage","url":"https:\/\/bzsos.pl\/app\/uploads\/2023\/11\/Jak_organizacja_nawiazac_wspolprace_bank_zywnosci_sos_w_warszawie-1024x578.png","contentUrl":"https:\/\/bzsos.pl\/app\/uploads\/2023\/11\/Jak_organizacja_nawiazac_wspolprace_bank_zywnosci_sos_w_warszawie-1024x578.png"},{"@type":"BreadcrumbList","@id":"https:\/\/bzsos.pl\/en\/i-represent-an-organisation-i-wish-to-obtain-food\/#breadcrumb","itemListElement":[{"@type":"ListItem","position":1,"name":"Home","item":"https:\/\/bzsos.pl\/en\/"},{"@type":"ListItem","position":2,"name":"I represent an organisation &#8211; I wish to obtain food"}]},{"@type":"WebSite","@id":"https:\/\/bzsos.pl\/#website","url":"https:\/\/bzsos.pl\/","name":"","description":"","potentialAction":[{"@type":"SearchAction","target":{"@type":"EntryPoint","urlTemplate":"https:\/\/bzsos.pl\/?s={search_term_string}"},"query-input":{"@type":"PropertyValueSpecification","valueRequired":true,"valueName":"search_term_string"}}],"inLanguage":"en-US"}]}},"_links":{"self":[{"href":"https:\/\/bzsos.pl\/en\/wp-json\/wp\/v2\/pages\/3900","targetHints":{"allow":["GET"]}}],"collection":[{"href":"https:\/\/bzsos.pl\/en\/wp-json\/wp\/v2\/pages"}],"about":[{"href":"https:\/\/bzsos.pl\/en\/wp-json\/wp\/v2\/types\/page"}],"author":[{"embeddable":true,"href":"https:\/\/bzsos.pl\/en\/wp-json\/wp\/v2\/users\/1"}],"replies":[{"embeddable":true,"href":"https:\/\/bzsos.pl\/en\/wp-json\/wp\/v2\/comments?post=3900"}],"version-history":[{"count":4,"href":"https:\/\/bzsos.pl\/en\/wp-json\/wp\/v2\/pages\/3900\/revisions"}],"predecessor-version":[{"id":3927,"href":"https:\/\/bzsos.pl\/en\/wp-json\/wp\/v2\/pages\/3900\/revisions\/3927"}],"wp:attachment":[{"href":"https:\/\/bzsos.pl\/en\/wp-json\/wp\/v2\/media?parent=3900"}],"curies":[{"name":"wp","href":"https:\/\/api.w.org\/{rel}","templated":true}]}}