{"id":3905,"date":"2023-09-01T11:24:23","date_gmt":"2023-09-01T11:24:23","guid":{"rendered":"https:\/\/bzsos.pl\/jestem-firma-chce-przekazac-zywnosc\/"},"modified":"2025-06-13T13:25:56","modified_gmt":"2025-06-13T13:25:56","slug":"i-represent-a-business-i-want-to-donate-food","status":"publish","type":"page","link":"https:\/\/bzsos.pl\/en\/i-represent-a-business-i-want-to-donate-food\/","title":{"rendered":"I represent a business &#8211; I want to donate food"},"content":{"rendered":"\n            <div class=\"cb__text-container\">\n            <div class=\"grid\">\n                <div class=\"cb__text start-2 end-9 start-md-1 end-md-13\">\n                    <p>If you are an entrepreneur who has food (e.g. a manufacturer, distributor, or retailer) and you wish to share it or save it from going to waste, you may give it to the SOS Food Bank in Warsaw as a donation, with no taxation.<\/p>\n<p><strong>Kinds of food that you may donate:<\/strong><\/p>\n<ul>\n<li>commercial-quality items,<\/li>\n<li>\u00a0items with an approaching expiry date,<\/li>\n<li>\u00a0items withdrawn from sale due to erroneous or incomplete labelling.<\/li>\n<li>\u00a0We accept dry products, fruits, vegetables, as well as food items that require refrigeration or freezing.<\/li>\n<\/ul>\n<p>If you&#8217;re unsure whether your foodstuffs may be used by the Food Bank SOS in Warsaw, by all means contact us.<\/p>\n<p><strong>How to donate food?<\/strong> For food donations, please contact Jakub by phone at (+48) 573 480 597 or via email at jakub.gawin@bzsos.pl<\/p>\n                <\/div>\n            <\/div>\n        <\/div>\n    \n\n\n\n\n<figure class=\"wp-block-image aligncenter size-large is-resized\"><img loading=\"lazy\" decoding=\"async\" width=\"1024\" height=\"578\" src=\"https:\/\/bzsos.pl\/app\/uploads\/2023\/11\/jak_przekazac_zywnosc_bank_zywnosci_sos_w_warszawie-1024x578.png\" alt=\"\" class=\"wp-image-2269\" style=\"width:840px;height:474px\" srcset=\"https:\/\/bzsos.pl\/app\/uploads\/2023\/11\/jak_przekazac_zywnosc_bank_zywnosci_sos_w_warszawie-1024x578.png 1024w, https:\/\/bzsos.pl\/app\/uploads\/2023\/11\/jak_przekazac_zywnosc_bank_zywnosci_sos_w_warszawie-300x169.png 300w, https:\/\/bzsos.pl\/app\/uploads\/2023\/11\/jak_przekazac_zywnosc_bank_zywnosci_sos_w_warszawie-768x434.png 768w, https:\/\/bzsos.pl\/app\/uploads\/2023\/11\/jak_przekazac_zywnosc_bank_zywnosci_sos_w_warszawie-1536x867.png 1536w, https:\/\/bzsos.pl\/app\/uploads\/2023\/11\/jak_przekazac_zywnosc_bank_zywnosci_sos_w_warszawie-2048x1157.png 2048w\" sizes=\"auto, (max-width: 1024px) 100vw, 1024px\" \/><\/figure>\n\n\n\n            <div class=\"cb__text-container\">\n            <div class=\"grid\">\n                <div class=\"cb__text start-2 end-9 start-md-1 end-md-13\">\n                    <p><strong>How does it work?<\/strong><\/p>\n<p>Donating food to the Food Bank in Warsaw is easy \u2013 we will establish the details as to the quantity and value of the items, arrange the logistics and exchange the pertinent documents. Our storehouse is located at Regu\u0142y Logistic Park in Regu\u0142y near Pruszk\u00f3w.<\/p>\n<p>The details \u2013 WHO, WHAT, and HOW \u2013 are included in the \u201cVAT-free charity\u201d manual, found below.<\/p>\n                <\/div>\n            <\/div>\n        <\/div>\n    \n\n\n\n    \n    <div class=\"cb__att-container\">\n        \n            <div class=\"cb__att-desktop \">\n                <div class=\"grid gap\">\n                    <div class=\"grid-8 gap start-2 end-12 start-md-1 end-md-13\">\n                                                                                <div class=\"cb__file\">\n                                <a href=\"https:\/\/bzsos.pl\/app\/uploads\/2023\/11\/dobroczynnosc_bez_vat_2013.pdf\" target=\"_blank\">\n                                    <img decoding=\"async\" src=\"https:\/\/bzsos.pl\/app\/themes\/bank_zywnosci\/build\/assets\/images\/cb_pdf-ico.svg\" alt=\"pdf\" class=\"attachment-icon\">\n                                    <p class=\"cb__filename\">Manual<\/p>\n                                <\/a>\n                            <\/div>\n                                            <\/div>\n                <\/div>\n            <\/div>\n\n            <div class=\"cb__att-mobile\">\n                <div class=\"grid gap\">\n                    <div class=\"grid-6 gap start-2 end-12 start-md-1 end-md-13\">\n                                                                                <div class=\"cb__file span-s-2\">\n                                <a href=\"https:\/\/bzsos.pl\/app\/uploads\/2023\/11\/dobroczynnosc_bez_vat_2013.pdf\" target=\"_blank\">\n                                    <img decoding=\"async\" src=\"https:\/\/bzsos.pl\/app\/themes\/bank_zywnosci\/build\/assets\/images\/cb_pdf-ico.svg\" alt=\"pdf\" class=\"attachment-icon\">\n                                    <p class=\"cb__filename\">Manual<\/p>\n                                <\/a>\n                            <\/div>\n                                            <\/div>\n                <\/div>\n            <\/div>\n\n            <\/div>\n\n\n\n\n\n    <div class=\"cb__tripple-container grid gap gallery-grid\">\n\n                    <div class=\"cb__img-square-container span-4 span-md-12\">\n                <img decoding=\"async\" \n                data-id=\"1567\"\n                onclick=\"openImg(1567)\"\n                src=\"https:\/\/bzsos.pl\/app\/uploads\/2023\/09\/firmy_citi-4-scaled.jpg\" \n                alt=\"\" \n                class=\"cb__img cb__g-img\"\/>\n            <\/div>       \n                            <div class=\"cb__img-square-container span-4 span-md-12\">\n                <img decoding=\"async\" \n                data-id=\"1569\"\n                onclick=\"openImg(1569)\"\n                src=\"https:\/\/bzsos.pl\/app\/uploads\/2023\/09\/firmy_citi-3-scaled.jpg\" \n                alt=\"\" \n                class=\"cb__img cb__g-img\"\/>\n            <\/div>       \n                            <div class=\"cb__img-square-container span-4 span-md-12\">\n                <img decoding=\"async\" \n                data-id=\"1555\"\n                onclick=\"openImg(1555)\"\n                src=\"https:\/\/bzsos.pl\/app\/uploads\/2023\/09\/firmy_citi-10-scaled.jpg\" \n                alt=\"\" \n                class=\"cb__img cb__g-img\"\/>\n            <\/div>       \n                \n    <\/div>\n\n    ","protected":false},"excerpt":{"rendered":"","protected":false},"author":1,"featured_media":0,"parent":0,"menu_order":0,"comment_status":"closed","ping_status":"closed","template":"","meta":{"_acf_changed":false,"inline_featured_image":false,"footnotes":""},"class_list":["post-3905","page","type-page","status-publish","hentry"],"acf":[],"yoast_head":"<!-- This site is optimized with the Yoast SEO plugin v25.3 - https:\/\/yoast.com\/wordpress\/plugins\/seo\/ -->\n<title>I represent a business - I want to donate food -<\/title>\n<meta name=\"description\" content=\"If you are an entrepreneur who has food and you wish to share it or save it from going to waste, you may give it to ourFood Bank as a donation\" \/>\n<meta name=\"robots\" content=\"index, follow, max-snippet:-1, max-image-preview:large, max-video-preview:-1\" \/>\n<link rel=\"canonical\" href=\"https:\/\/bzsos.pl\/en\/i-represent-a-business-i-want-to-donate-food\/\" \/>\n<meta property=\"og:locale\" content=\"en_US\" \/>\n<meta property=\"og:type\" content=\"article\" \/>\n<meta property=\"og:title\" content=\"I represent a business - I want to donate food -\" \/>\n<meta property=\"og:description\" content=\"If you are an entrepreneur who has food and you wish to share it or save it from going to waste, you may give it to ourFood Bank as a donation\" \/>\n<meta property=\"og:url\" content=\"https:\/\/bzsos.pl\/en\/i-represent-a-business-i-want-to-donate-food\/\" \/>\n<meta property=\"article:modified_time\" content=\"2025-06-13T13:25:56+00:00\" \/>\n<meta property=\"og:image\" content=\"https:\/\/bzsos.pl\/app\/uploads\/2023\/11\/jak_przekazac_zywnosc_bank_zywnosci_sos_w_warszawie.png\" \/>\n\t<meta property=\"og:image:width\" content=\"2748\" \/>\n\t<meta property=\"og:image:height\" content=\"1552\" \/>\n\t<meta property=\"og:image:type\" content=\"image\/png\" \/>\n<meta name=\"twitter:card\" content=\"summary_large_image\" \/>\n<meta name=\"twitter:label1\" content=\"Est. reading time\" \/>\n\t<meta name=\"twitter:data1\" content=\"1 minute\" \/>\n<script type=\"application\/ld+json\" class=\"yoast-schema-graph\">{\"@context\":\"https:\/\/schema.org\",\"@graph\":[{\"@type\":\"WebPage\",\"@id\":\"https:\/\/bzsos.pl\/en\/i-represent-a-business-i-want-to-donate-food\/\",\"url\":\"https:\/\/bzsos.pl\/en\/i-represent-a-business-i-want-to-donate-food\/\",\"name\":\"I represent a business - I want to donate food -\",\"isPartOf\":{\"@id\":\"https:\/\/bzsos.pl\/#website\"},\"primaryImageOfPage\":{\"@id\":\"https:\/\/bzsos.pl\/en\/i-represent-a-business-i-want-to-donate-food\/#primaryimage\"},\"image\":{\"@id\":\"https:\/\/bzsos.pl\/en\/i-represent-a-business-i-want-to-donate-food\/#primaryimage\"},\"thumbnailUrl\":\"https:\/\/bzsos.pl\/app\/uploads\/2023\/11\/jak_przekazac_zywnosc_bank_zywnosci_sos_w_warszawie-1024x578.png\",\"datePublished\":\"2023-09-01T11:24:23+00:00\",\"dateModified\":\"2025-06-13T13:25:56+00:00\",\"description\":\"If you are an entrepreneur who has food and you wish to share it or save it from going to waste, you may give it to ourFood Bank as a donation\",\"breadcrumb\":{\"@id\":\"https:\/\/bzsos.pl\/en\/i-represent-a-business-i-want-to-donate-food\/#breadcrumb\"},\"inLanguage\":\"en-US\",\"potentialAction\":[{\"@type\":\"ReadAction\",\"target\":[\"https:\/\/bzsos.pl\/en\/i-represent-a-business-i-want-to-donate-food\/\"]}]},{\"@type\":\"ImageObject\",\"inLanguage\":\"en-US\",\"@id\":\"https:\/\/bzsos.pl\/en\/i-represent-a-business-i-want-to-donate-food\/#primaryimage\",\"url\":\"https:\/\/bzsos.pl\/app\/uploads\/2023\/11\/jak_przekazac_zywnosc_bank_zywnosci_sos_w_warszawie-1024x578.png\",\"contentUrl\":\"https:\/\/bzsos.pl\/app\/uploads\/2023\/11\/jak_przekazac_zywnosc_bank_zywnosci_sos_w_warszawie-1024x578.png\"},{\"@type\":\"BreadcrumbList\",\"@id\":\"https:\/\/bzsos.pl\/en\/i-represent-a-business-i-want-to-donate-food\/#breadcrumb\",\"itemListElement\":[{\"@type\":\"ListItem\",\"position\":1,\"name\":\"Home\",\"item\":\"https:\/\/bzsos.pl\/en\/\"},{\"@type\":\"ListItem\",\"position\":2,\"name\":\"I represent a business &#8211; I want to donate food\"}]},{\"@type\":\"WebSite\",\"@id\":\"https:\/\/bzsos.pl\/#website\",\"url\":\"https:\/\/bzsos.pl\/\",\"name\":\"\",\"description\":\"\",\"potentialAction\":[{\"@type\":\"SearchAction\",\"target\":{\"@type\":\"EntryPoint\",\"urlTemplate\":\"https:\/\/bzsos.pl\/?s={search_term_string}\"},\"query-input\":{\"@type\":\"PropertyValueSpecification\",\"valueRequired\":true,\"valueName\":\"search_term_string\"}}],\"inLanguage\":\"en-US\"}]}<\/script>\n<!-- \/ Yoast SEO plugin. -->","yoast_head_json":{"title":"I represent a business - I want to donate food -","description":"If you are an entrepreneur who has food and you wish to share it or save it from going to waste, you may give it to ourFood Bank as a donation","robots":{"index":"index","follow":"follow","max-snippet":"max-snippet:-1","max-image-preview":"max-image-preview:large","max-video-preview":"max-video-preview:-1"},"canonical":"https:\/\/bzsos.pl\/en\/i-represent-a-business-i-want-to-donate-food\/","og_locale":"en_US","og_type":"article","og_title":"I represent a business - I want to donate food -","og_description":"If you are an entrepreneur who has food and you wish to share it or save it from going to waste, you may give it to ourFood Bank as a donation","og_url":"https:\/\/bzsos.pl\/en\/i-represent-a-business-i-want-to-donate-food\/","article_modified_time":"2025-06-13T13:25:56+00:00","og_image":[{"width":2748,"height":1552,"url":"https:\/\/bzsos.pl\/app\/uploads\/2023\/11\/jak_przekazac_zywnosc_bank_zywnosci_sos_w_warszawie.png","type":"image\/png"}],"twitter_card":"summary_large_image","twitter_misc":{"Est. reading time":"1 minute"},"schema":{"@context":"https:\/\/schema.org","@graph":[{"@type":"WebPage","@id":"https:\/\/bzsos.pl\/en\/i-represent-a-business-i-want-to-donate-food\/","url":"https:\/\/bzsos.pl\/en\/i-represent-a-business-i-want-to-donate-food\/","name":"I represent a business - I want to donate food -","isPartOf":{"@id":"https:\/\/bzsos.pl\/#website"},"primaryImageOfPage":{"@id":"https:\/\/bzsos.pl\/en\/i-represent-a-business-i-want-to-donate-food\/#primaryimage"},"image":{"@id":"https:\/\/bzsos.pl\/en\/i-represent-a-business-i-want-to-donate-food\/#primaryimage"},"thumbnailUrl":"https:\/\/bzsos.pl\/app\/uploads\/2023\/11\/jak_przekazac_zywnosc_bank_zywnosci_sos_w_warszawie-1024x578.png","datePublished":"2023-09-01T11:24:23+00:00","dateModified":"2025-06-13T13:25:56+00:00","description":"If you are an entrepreneur who has food and you wish to share it or save it from going to waste, you may give it to ourFood Bank as a donation","breadcrumb":{"@id":"https:\/\/bzsos.pl\/en\/i-represent-a-business-i-want-to-donate-food\/#breadcrumb"},"inLanguage":"en-US","potentialAction":[{"@type":"ReadAction","target":["https:\/\/bzsos.pl\/en\/i-represent-a-business-i-want-to-donate-food\/"]}]},{"@type":"ImageObject","inLanguage":"en-US","@id":"https:\/\/bzsos.pl\/en\/i-represent-a-business-i-want-to-donate-food\/#primaryimage","url":"https:\/\/bzsos.pl\/app\/uploads\/2023\/11\/jak_przekazac_zywnosc_bank_zywnosci_sos_w_warszawie-1024x578.png","contentUrl":"https:\/\/bzsos.pl\/app\/uploads\/2023\/11\/jak_przekazac_zywnosc_bank_zywnosci_sos_w_warszawie-1024x578.png"},{"@type":"BreadcrumbList","@id":"https:\/\/bzsos.pl\/en\/i-represent-a-business-i-want-to-donate-food\/#breadcrumb","itemListElement":[{"@type":"ListItem","position":1,"name":"Home","item":"https:\/\/bzsos.pl\/en\/"},{"@type":"ListItem","position":2,"name":"I represent a business &#8211; I want to donate food"}]},{"@type":"WebSite","@id":"https:\/\/bzsos.pl\/#website","url":"https:\/\/bzsos.pl\/","name":"","description":"","potentialAction":[{"@type":"SearchAction","target":{"@type":"EntryPoint","urlTemplate":"https:\/\/bzsos.pl\/?s={search_term_string}"},"query-input":{"@type":"PropertyValueSpecification","valueRequired":true,"valueName":"search_term_string"}}],"inLanguage":"en-US"}]}},"_links":{"self":[{"href":"https:\/\/bzsos.pl\/en\/wp-json\/wp\/v2\/pages\/3905","targetHints":{"allow":["GET"]}}],"collection":[{"href":"https:\/\/bzsos.pl\/en\/wp-json\/wp\/v2\/pages"}],"about":[{"href":"https:\/\/bzsos.pl\/en\/wp-json\/wp\/v2\/types\/page"}],"author":[{"embeddable":true,"href":"https:\/\/bzsos.pl\/en\/wp-json\/wp\/v2\/users\/1"}],"replies":[{"embeddable":true,"href":"https:\/\/bzsos.pl\/en\/wp-json\/wp\/v2\/comments?post=3905"}],"version-history":[{"count":7,"href":"https:\/\/bzsos.pl\/en\/wp-json\/wp\/v2\/pages\/3905\/revisions"}],"predecessor-version":[{"id":6022,"href":"https:\/\/bzsos.pl\/en\/wp-json\/wp\/v2\/pages\/3905\/revisions\/6022"}],"wp:attachment":[{"href":"https:\/\/bzsos.pl\/en\/wp-json\/wp\/v2\/media?parent=3905"}],"curies":[{"name":"wp","href":"https:\/\/api.w.org\/{rel}","templated":true}]}}