{"id":3935,"date":"2023-08-08T18:20:46","date_gmt":"2023-08-08T18:20:46","guid":{"rendered":"https:\/\/bzsos.pl\/?page_id=3935"},"modified":"2025-05-16T12:08:03","modified_gmt":"2025-05-16T12:08:03","slug":"contact-us","status":"publish","type":"page","link":"https:\/\/bzsos.pl\/en\/contact-us\/","title":{"rendered":"Contact us"},"content":{"rendered":"\n            <div class=\"cb__text-container\">\n            <div class=\"grid\">\n                <div class=\"cb__text start-2 end-9 start-md-1 end-md-13\">\n                    <p>Regu\u0142y Logistic Park, ul. St. Bodycha 97,<br \/>\nRegu\u0142y, 05-820 Piast\u00f3w 1 (Poland)<\/p>\n<p><strong>office phone no.:<br \/>\n<\/strong><a href=\"tel:%20(+48)%20601%20390%20094\">(+48) 601 390 094<\/a><\/p>\n<p><strong>storehouse phone no.:<br \/>\n<\/strong><a href=\"tel:%20(+48)%20601%20390%20536\">(+48) 601 390 536<\/a><\/p>\n<p><strong>email:<br \/>\n<\/strong><a href=\"mailto:bzsos@bzsos.pl\">bzsos@bzsos.pl<\/a><\/p>\n<p><strong>KRS: <\/strong>00000 29435<br \/>\n<strong>NIP: <\/strong>524-106-72-96<br \/>\n<strong>REGON: <\/strong>010607645<\/p>\n<p><strong>Account number:<br \/>\n<\/strong>PL 30\u00a01090\u00a02590\u00a00000\u00a00001\u00a04374\u00a03757<\/p>\n<p><strong>USD:<br \/>\n<\/strong>PL 74 2490 0005 0000 4600 0006 2532 (SWIFT: ALBPPLPW)<\/p>\n<p><strong>EUR:<br \/>\n<\/strong>PL 53 2490 0005 0000 4600 0006 2522 (SWIFT: ALBPPLPW)<\/p>\n<p><strong>REACH US BY CAR:<\/strong><\/p>\n<p>Regu\u0142y is situated between Warsaw and Pruszk\u00f3w. Going from Warsaw, you need to turn right in Regu\u0142y, into ul. Regulska, and then, after approx. 700 m left, turn into ul. Stanis\u0142awa Bodycha. Approximately 300 m to the left, you will find the entrance gate to the Regu\u0142y Logistic Park. The Bank&#8217;s Storehouse is found in hall no. 7 (central part).<\/p>\n<p><strong>REACH US USING PUBLIC TRANSPORT:<\/strong><\/p>\n<p>Using the SKM railway, to the Warszawa Ursus station. From the station \u2013 by riding the 207 bus line to the bus terminal (Regulska). Then, about 10 minutes by foot, along ul. St. Bodycha.<br \/>\nYou may also arrive at Regulska by riding bus line 191.<\/p>\n                <\/div>\n            <\/div>\n        <\/div>\n    \n\n","protected":false},"excerpt":{"rendered":"","protected":false},"author":5,"featured_media":0,"parent":0,"menu_order":0,"comment_status":"closed","ping_status":"closed","template":"","meta":{"_acf_changed":false,"inline_featured_image":false,"footnotes":""},"class_list":["post-3935","page","type-page","status-publish","hentry"],"acf":{"title":"","location":"","contact":null,"info":null,"requisites":null,"arrive":null,"map":null},"yoast_head":"<!-- This site is optimized with the Yoast SEO plugin v25.3 - https:\/\/yoast.com\/wordpress\/plugins\/seo\/ -->\n<title>Contact us -<\/title>\n<meta name=\"description\" content=\"Regu\u0142y Logistic Park, ul. St. Bodycha 97, Regu\u0142y, 05-820 Piast\u00f3w 1 (Poland) office phone no.:(+48) 601 390 094 email:bzsos@bzsos.pl\" \/>\n<meta name=\"robots\" content=\"index, follow, max-snippet:-1, max-image-preview:large, max-video-preview:-1\" \/>\n<link rel=\"canonical\" href=\"https:\/\/bzsos.pl\/en\/contact-us\/\" \/>\n<meta property=\"og:locale\" content=\"en_US\" \/>\n<meta property=\"og:type\" content=\"article\" \/>\n<meta property=\"og:title\" content=\"Contact us -\" \/>\n<meta property=\"og:description\" content=\"Regu\u0142y Logistic Park, ul. St. Bodycha 97, Regu\u0142y, 05-820 Piast\u00f3w 1 (Poland) office phone no.:(+48) 601 390 094 email:bzsos@bzsos.pl\" \/>\n<meta property=\"og:url\" content=\"https:\/\/bzsos.pl\/en\/contact-us\/\" \/>\n<meta property=\"article:modified_time\" content=\"2025-05-16T12:08:03+00:00\" \/>\n<meta name=\"twitter:card\" content=\"summary_large_image\" \/>\n<script type=\"application\/ld+json\" class=\"yoast-schema-graph\">{\"@context\":\"https:\/\/schema.org\",\"@graph\":[{\"@type\":\"WebPage\",\"@id\":\"https:\/\/bzsos.pl\/en\/contact-us\/\",\"url\":\"https:\/\/bzsos.pl\/en\/contact-us\/\",\"name\":\"Contact us -\",\"isPartOf\":{\"@id\":\"https:\/\/bzsos.pl\/#website\"},\"datePublished\":\"2023-08-08T18:20:46+00:00\",\"dateModified\":\"2025-05-16T12:08:03+00:00\",\"description\":\"Regu\u0142y Logistic Park, ul. St. Bodycha 97, Regu\u0142y, 05-820 Piast\u00f3w 1 (Poland) office phone no.:(+48) 601 390 094 email:bzsos@bzsos.pl\",\"breadcrumb\":{\"@id\":\"https:\/\/bzsos.pl\/en\/contact-us\/#breadcrumb\"},\"inLanguage\":\"en-US\",\"potentialAction\":[{\"@type\":\"ReadAction\",\"target\":[\"https:\/\/bzsos.pl\/en\/contact-us\/\"]}]},{\"@type\":\"BreadcrumbList\",\"@id\":\"https:\/\/bzsos.pl\/en\/contact-us\/#breadcrumb\",\"itemListElement\":[{\"@type\":\"ListItem\",\"position\":1,\"name\":\"Home\",\"item\":\"https:\/\/bzsos.pl\/en\/\"},{\"@type\":\"ListItem\",\"position\":2,\"name\":\"Contact us\"}]},{\"@type\":\"WebSite\",\"@id\":\"https:\/\/bzsos.pl\/#website\",\"url\":\"https:\/\/bzsos.pl\/\",\"name\":\"\",\"description\":\"\",\"potentialAction\":[{\"@type\":\"SearchAction\",\"target\":{\"@type\":\"EntryPoint\",\"urlTemplate\":\"https:\/\/bzsos.pl\/?s={search_term_string}\"},\"query-input\":{\"@type\":\"PropertyValueSpecification\",\"valueRequired\":true,\"valueName\":\"search_term_string\"}}],\"inLanguage\":\"en-US\"}]}<\/script>\n<!-- \/ Yoast SEO plugin. -->","yoast_head_json":{"title":"Contact us -","description":"Regu\u0142y Logistic Park, ul. St. Bodycha 97, Regu\u0142y, 05-820 Piast\u00f3w 1 (Poland) office phone no.:(+48) 601 390 094 email:bzsos@bzsos.pl","robots":{"index":"index","follow":"follow","max-snippet":"max-snippet:-1","max-image-preview":"max-image-preview:large","max-video-preview":"max-video-preview:-1"},"canonical":"https:\/\/bzsos.pl\/en\/contact-us\/","og_locale":"en_US","og_type":"article","og_title":"Contact us -","og_description":"Regu\u0142y Logistic Park, ul. St. Bodycha 97, Regu\u0142y, 05-820 Piast\u00f3w 1 (Poland) office phone no.:(+48) 601 390 094 email:bzsos@bzsos.pl","og_url":"https:\/\/bzsos.pl\/en\/contact-us\/","article_modified_time":"2025-05-16T12:08:03+00:00","twitter_card":"summary_large_image","schema":{"@context":"https:\/\/schema.org","@graph":[{"@type":"WebPage","@id":"https:\/\/bzsos.pl\/en\/contact-us\/","url":"https:\/\/bzsos.pl\/en\/contact-us\/","name":"Contact us -","isPartOf":{"@id":"https:\/\/bzsos.pl\/#website"},"datePublished":"2023-08-08T18:20:46+00:00","dateModified":"2025-05-16T12:08:03+00:00","description":"Regu\u0142y Logistic Park, ul. St. Bodycha 97, Regu\u0142y, 05-820 Piast\u00f3w 1 (Poland) office phone no.:(+48) 601 390 094 email:bzsos@bzsos.pl","breadcrumb":{"@id":"https:\/\/bzsos.pl\/en\/contact-us\/#breadcrumb"},"inLanguage":"en-US","potentialAction":[{"@type":"ReadAction","target":["https:\/\/bzsos.pl\/en\/contact-us\/"]}]},{"@type":"BreadcrumbList","@id":"https:\/\/bzsos.pl\/en\/contact-us\/#breadcrumb","itemListElement":[{"@type":"ListItem","position":1,"name":"Home","item":"https:\/\/bzsos.pl\/en\/"},{"@type":"ListItem","position":2,"name":"Contact us"}]},{"@type":"WebSite","@id":"https:\/\/bzsos.pl\/#website","url":"https:\/\/bzsos.pl\/","name":"","description":"","potentialAction":[{"@type":"SearchAction","target":{"@type":"EntryPoint","urlTemplate":"https:\/\/bzsos.pl\/?s={search_term_string}"},"query-input":{"@type":"PropertyValueSpecification","valueRequired":true,"valueName":"search_term_string"}}],"inLanguage":"en-US"}]}},"_links":{"self":[{"href":"https:\/\/bzsos.pl\/en\/wp-json\/wp\/v2\/pages\/3935","targetHints":{"allow":["GET"]}}],"collection":[{"href":"https:\/\/bzsos.pl\/en\/wp-json\/wp\/v2\/pages"}],"about":[{"href":"https:\/\/bzsos.pl\/en\/wp-json\/wp\/v2\/types\/page"}],"author":[{"embeddable":true,"href":"https:\/\/bzsos.pl\/en\/wp-json\/wp\/v2\/users\/5"}],"replies":[{"embeddable":true,"href":"https:\/\/bzsos.pl\/en\/wp-json\/wp\/v2\/comments?post=3935"}],"version-history":[{"count":3,"href":"https:\/\/bzsos.pl\/en\/wp-json\/wp\/v2\/pages\/3935\/revisions"}],"predecessor-version":[{"id":5848,"href":"https:\/\/bzsos.pl\/en\/wp-json\/wp\/v2\/pages\/3935\/revisions\/5848"}],"wp:attachment":[{"href":"https:\/\/bzsos.pl\/en\/wp-json\/wp\/v2\/media?parent=3935"}],"curies":[{"name":"wp","href":"https:\/\/api.w.org\/{rel}","templated":true}]}}