{"id":3943,"date":"2023-09-01T11:09:11","date_gmt":"2023-09-01T11:09:11","guid":{"rendered":"https:\/\/bzsos.pl\/?page_id=3943"},"modified":"2025-06-13T13:42:56","modified_gmt":"2025-06-13T13:42:56","slug":"we-operate-at-the-umbrella-point","status":"publish","type":"page","link":"https:\/\/bzsos.pl\/en\/we-operate-at-the-umbrella-point\/","title":{"rendered":"We operate at the Umbrella Point"},"content":{"rendered":"\n            <div class=\"cb__text-container\">\n            <div class=\"grid\">\n                <div class=\"cb__text start-2 end-9 start-md-1 end-md-13\">\n                    <p>In May 2022, we opened <strong>the Umbrella Point<\/strong>\u00a0at ul. Batalionu AK \u201cParasol\u201d 3a in Warsaw.<\/p>\n<p>Here, we hand out food aid packages to people in need from Warsaw&#8217;s Wola district.<\/p>\n<p>In the years 2022-2023, the point was run by us in partnership with the Kuroni\u00f3wka Foundation. Starting in 2024, we have been running it ourselves, as the SOS Food Bank in Warsaw.<\/p>\n<p>We collaborate with the Wola District Social Assistance Centre in the Capital City of Warsaw, which directs those in need to us.<\/p>\n<p>Following the onset of the full-scale war in Ukraine, the \u201cUmbrella Point\u201d has also been helping refugees from that country.<\/p>\n<p>The food items distributed by us come from donors.<\/p>\n                <\/div>\n            <\/div>\n        <\/div>\n    \n\n\n\n\n    <div class=\"cb__text-container grid gap\">\n                    <div class=\"cb__text cb__mobile-row start-2 end-6 start-md-1 end-md-13\"><h2>In 2023, the Umbrella Point<\/h2>\n<p>&nbsp;<\/p>\n<ul>\n<li>handed out food packages to 955 people<\/li>\n<li>these people received over 60,000 kilograms of food, which means that they were able to prepare over 120,000 meals!<\/li>\n<li>organised cooking workshops, conducted by Joanna Kuro\u0144, Gaja Kuro\u0144, and Jakub Kuro\u0144 of the Kuroni\u00f3wka Foundation<\/li>\n<li>as a special campaign, we have been conducting support and psychology workshops for female refugees from Ukraine, pertaining to, among other things, handling their emotions, supporting their children amid the war-related crisis, and functioning in a different environment, as well as women\u2019s self-development<\/li>\n<li>gave counsel pertaining to sources of financial aid, education and access thereto, as well as the healthcare system<\/li>\n<li>organised trips for Ukrainian children and their families \u2013 visiting museums, exhibitions, a hot chocolate shop, an entertainment park, and a zoo.<\/li>\n<\/ul>\n<\/div>\n                            <div class=\"start-7 end-13 start-md-1 end-md-13\">\n                <img decoding=\"async\" \n                data-id=\"3945\"\n                onclick=\"openImg(3945)\"\n                src=\"https:\/\/bzsos.pl\/app\/uploads\/2024\/01\/20241215_IMG_9684-scaled.jpg\" \n                alt=\"\" \n                class=\"cb__img cb__g-img\"\/>\n            <\/div>\n            <\/div>\n\n\n\n\n    <div class=\"cb__text-container grid gap\">\n                    <div class=\"cb__img-container start-2 end-6 start-md-1 end-md-13\">\n                <img decoding=\"async\" \n                data-id=\"3685\"\n                onclick=\"openImg(3685)\"\n                src=\"https:\/\/bzsos.pl\/app\/uploads\/2024\/08\/20240618_104802-scaled.jpg\" \n                alt=\"\" \n                class=\"cb__img cb__g-img\"\/>\n            <\/div>\n                            <div class=\"cb__text start-8 end-12 start-md-1 end-md-13\"><p>The support that we lent to Ukrainians in 2023 was possible owing to a grant by the Fondation de France. Owing to these funds, we were also able to give employment to two refugees from Ukraine.<\/p>\n<p>Starting on 19 December 2023, our activities have also been aided financially by <a href=\"https:\/\/glovoapp.com\/pl\/pl\/\"><strong>GLOVO<\/strong><\/a>; the company became a partner of the \u201cUmbrella Point\u201d.<\/p>\n<p>In 2023, we also received support from:<\/p>\n<ul>\n<li>Lions Clubs International, District 121 Poland, in the form of food items<\/li>\n<li>the Kulczyk Foundation, which donated menstruation products<\/li>\n<li>Free Now, who aided us with their transportation services<\/li>\n<li>Rise Against Hunger Italia, who gave us access to food packages<\/li>\n<li>CrowdFarming, who donated fruits to us.<\/li>\n<\/ul>\n<p>We also started collaboration with the French Embassy in Poland.<\/p>\n<p>We received special thanks for our activities from Ukraine\u2019s Ambassador to Poland, Mr. Vasyl Zvarych.<\/p>\n<\/div>\n            \n    <\/div>\n\n\n\n\n    <div class=\"cb__text-container grid gap\">\n                    <div class=\"cb__text cb__mobile-row start-2 end-6 start-md-1 end-md-13\"><p>Opening the Umbrella Point in 2022 was possible owing to the financial and material support provided by our Partners: Ambition, Amica, Amso, Cargill, CHEP, the European Food Banks Federation, the Federation of Polish Food Banks, Fundacja BO\u015a Bank, Fundacja Unum, the Delloitte Foundation, Free Now, Groupon, Lotte Wedel, Rohling Suus, Stalgast, Tefal, and by all those who donated 1.5% of their PIT money.<\/p>\n<\/div>\n                            <div class=\"start-8 end-12 start-md-1 end-md-13\">\n                <img decoding=\"async\" \n                data-id=\"3946\"\n                onclick=\"openImg(3946)\"\n                src=\"https:\/\/bzsos.pl\/app\/uploads\/2024\/01\/IMG_9712-2-scaled.jpg\" \n                alt=\"\" \n                class=\"cb__img cb__g-img\"\/>\n            <\/div>\n            <\/div>\n\n","protected":false},"excerpt":{"rendered":"","protected":false},"author":5,"featured_media":0,"parent":0,"menu_order":0,"comment_status":"closed","ping_status":"closed","template":"","meta":{"_acf_changed":false,"inline_featured_image":false,"footnotes":""},"class_list":["post-3943","page","type-page","status-publish","hentry"],"acf":[],"yoast_head":"<!-- This site is optimized with the Yoast SEO plugin v25.3 - https:\/\/yoast.com\/wordpress\/plugins\/seo\/ -->\n<title>We operate at the Umbrella Point -<\/title>\n<meta name=\"description\" content=\"We opened the Umbrella Point\u00a0at ul. Batalionu AK \u201cParasol\u201d 3a. We hand out food aid packages to people in need from Warsaw&#039;s Wola district.\" \/>\n<meta name=\"robots\" content=\"index, follow, max-snippet:-1, max-image-preview:large, max-video-preview:-1\" \/>\n<link rel=\"canonical\" href=\"https:\/\/bzsos.pl\/en\/we-operate-at-the-umbrella-point\/\" \/>\n<meta property=\"og:locale\" content=\"en_US\" \/>\n<meta property=\"og:type\" content=\"article\" \/>\n<meta property=\"og:title\" content=\"We operate at the Umbrella Point -\" \/>\n<meta property=\"og:description\" content=\"We opened the Umbrella Point\u00a0at ul. Batalionu AK \u201cParasol\u201d 3a. We hand out food aid packages to people in need from Warsaw&#039;s Wola district.\" \/>\n<meta property=\"og:url\" content=\"https:\/\/bzsos.pl\/en\/we-operate-at-the-umbrella-point\/\" \/>\n<meta property=\"article:modified_time\" content=\"2025-06-13T13:42:56+00:00\" \/>\n<meta name=\"twitter:card\" content=\"summary_large_image\" \/>\n<script type=\"application\/ld+json\" class=\"yoast-schema-graph\">{\"@context\":\"https:\/\/schema.org\",\"@graph\":[{\"@type\":\"WebPage\",\"@id\":\"https:\/\/bzsos.pl\/en\/we-operate-at-the-umbrella-point\/\",\"url\":\"https:\/\/bzsos.pl\/en\/we-operate-at-the-umbrella-point\/\",\"name\":\"We operate at the Umbrella Point -\",\"isPartOf\":{\"@id\":\"https:\/\/bzsos.pl\/#website\"},\"datePublished\":\"2023-09-01T11:09:11+00:00\",\"dateModified\":\"2025-06-13T13:42:56+00:00\",\"description\":\"We opened the Umbrella Point\u00a0at ul. Batalionu AK \u201cParasol\u201d 3a. We hand out food aid packages to people in need from Warsaw's Wola district.\",\"breadcrumb\":{\"@id\":\"https:\/\/bzsos.pl\/en\/we-operate-at-the-umbrella-point\/#breadcrumb\"},\"inLanguage\":\"en-US\",\"potentialAction\":[{\"@type\":\"ReadAction\",\"target\":[\"https:\/\/bzsos.pl\/en\/we-operate-at-the-umbrella-point\/\"]}]},{\"@type\":\"BreadcrumbList\",\"@id\":\"https:\/\/bzsos.pl\/en\/we-operate-at-the-umbrella-point\/#breadcrumb\",\"itemListElement\":[{\"@type\":\"ListItem\",\"position\":1,\"name\":\"Home\",\"item\":\"https:\/\/bzsos.pl\/en\/\"},{\"@type\":\"ListItem\",\"position\":2,\"name\":\"We operate at the Umbrella Point\"}]},{\"@type\":\"WebSite\",\"@id\":\"https:\/\/bzsos.pl\/#website\",\"url\":\"https:\/\/bzsos.pl\/\",\"name\":\"\",\"description\":\"\",\"potentialAction\":[{\"@type\":\"SearchAction\",\"target\":{\"@type\":\"EntryPoint\",\"urlTemplate\":\"https:\/\/bzsos.pl\/?s={search_term_string}\"},\"query-input\":{\"@type\":\"PropertyValueSpecification\",\"valueRequired\":true,\"valueName\":\"search_term_string\"}}],\"inLanguage\":\"en-US\"}]}<\/script>\n<!-- \/ Yoast SEO plugin. -->","yoast_head_json":{"title":"We operate at the Umbrella Point -","description":"We opened the Umbrella Point\u00a0at ul. Batalionu AK \u201cParasol\u201d 3a. We hand out food aid packages to people in need from Warsaw's Wola district.","robots":{"index":"index","follow":"follow","max-snippet":"max-snippet:-1","max-image-preview":"max-image-preview:large","max-video-preview":"max-video-preview:-1"},"canonical":"https:\/\/bzsos.pl\/en\/we-operate-at-the-umbrella-point\/","og_locale":"en_US","og_type":"article","og_title":"We operate at the Umbrella Point -","og_description":"We opened the Umbrella Point\u00a0at ul. Batalionu AK \u201cParasol\u201d 3a. We hand out food aid packages to people in need from Warsaw's Wola district.","og_url":"https:\/\/bzsos.pl\/en\/we-operate-at-the-umbrella-point\/","article_modified_time":"2025-06-13T13:42:56+00:00","twitter_card":"summary_large_image","schema":{"@context":"https:\/\/schema.org","@graph":[{"@type":"WebPage","@id":"https:\/\/bzsos.pl\/en\/we-operate-at-the-umbrella-point\/","url":"https:\/\/bzsos.pl\/en\/we-operate-at-the-umbrella-point\/","name":"We operate at the Umbrella Point -","isPartOf":{"@id":"https:\/\/bzsos.pl\/#website"},"datePublished":"2023-09-01T11:09:11+00:00","dateModified":"2025-06-13T13:42:56+00:00","description":"We opened the Umbrella Point\u00a0at ul. Batalionu AK \u201cParasol\u201d 3a. We hand out food aid packages to people in need from Warsaw's Wola district.","breadcrumb":{"@id":"https:\/\/bzsos.pl\/en\/we-operate-at-the-umbrella-point\/#breadcrumb"},"inLanguage":"en-US","potentialAction":[{"@type":"ReadAction","target":["https:\/\/bzsos.pl\/en\/we-operate-at-the-umbrella-point\/"]}]},{"@type":"BreadcrumbList","@id":"https:\/\/bzsos.pl\/en\/we-operate-at-the-umbrella-point\/#breadcrumb","itemListElement":[{"@type":"ListItem","position":1,"name":"Home","item":"https:\/\/bzsos.pl\/en\/"},{"@type":"ListItem","position":2,"name":"We operate at the Umbrella Point"}]},{"@type":"WebSite","@id":"https:\/\/bzsos.pl\/#website","url":"https:\/\/bzsos.pl\/","name":"","description":"","potentialAction":[{"@type":"SearchAction","target":{"@type":"EntryPoint","urlTemplate":"https:\/\/bzsos.pl\/?s={search_term_string}"},"query-input":{"@type":"PropertyValueSpecification","valueRequired":true,"valueName":"search_term_string"}}],"inLanguage":"en-US"}]}},"_links":{"self":[{"href":"https:\/\/bzsos.pl\/en\/wp-json\/wp\/v2\/pages\/3943","targetHints":{"allow":["GET"]}}],"collection":[{"href":"https:\/\/bzsos.pl\/en\/wp-json\/wp\/v2\/pages"}],"about":[{"href":"https:\/\/bzsos.pl\/en\/wp-json\/wp\/v2\/types\/page"}],"author":[{"embeddable":true,"href":"https:\/\/bzsos.pl\/en\/wp-json\/wp\/v2\/users\/5"}],"replies":[{"embeddable":true,"href":"https:\/\/bzsos.pl\/en\/wp-json\/wp\/v2\/comments?post=3943"}],"version-history":[{"count":4,"href":"https:\/\/bzsos.pl\/en\/wp-json\/wp\/v2\/pages\/3943\/revisions"}],"predecessor-version":[{"id":6036,"href":"https:\/\/bzsos.pl\/en\/wp-json\/wp\/v2\/pages\/3943\/revisions\/6036"}],"wp:attachment":[{"href":"https:\/\/bzsos.pl\/en\/wp-json\/wp\/v2\/media?parent=3943"}],"curies":[{"name":"wp","href":"https:\/\/api.w.org\/{rel}","templated":true}]}}