{"id":5825,"date":"2023-08-14T09:42:43","date_gmt":"2023-08-14T09:42:43","guid":{"rendered":"https:\/\/bzsos.pl\/?page_id=5825"},"modified":"2025-05-15T12:20:24","modified_gmt":"2025-05-15T12:20:24","slug":"donate-15","status":"publish","type":"page","link":"https:\/\/bzsos.pl\/en\/donate-15\/","title":{"rendered":"Donate 1,5%"},"content":{"rendered":"\n    <div class=\"cb__text-container grid gap\">\n        \n        <div class=\"cb__faq start-2 end-12 start-md-1 end-md-13\">\n\n            <div class=\"cb__question\">\n                <h4>\n                                            Who can donate 1.5% of their PIT money                                    <\/h4>\n                <div class=\"cb__mark\"><\/div>\n            <\/div>\n\n                            <div class=\"cb__answear cb__border\">\n                                                <div class=\"cb__answer-container\">\n                        <p><span style=\"font-weight: 400;\">The following individuals may donate 1.5% of their PIT money: (provided that they fill out the following annual tax forms:)<\/span><\/p>\n<ul>\n<li style=\"font-weight: 400;\" aria-level=\"1\"><span style=\"font-weight: 400;\">PIT 37 (personal income tax payers) &#8211; field K\u00a0<\/span><\/li>\n<li style=\"font-weight: 400;\" aria-level=\"1\"><span style=\"font-weight: 400;\">PIT 28 (payers of lump-sum tax on registered revenue\/income) &#8211; field S\u00a0<\/span><\/li>\n<li style=\"font-weight: 400;\" aria-level=\"1\"><span style=\"font-weight: 400;\">PIT 36 (a taxpayer who pays tax advances on their own) \u2013 field S\u00a0<\/span><\/li>\n<li style=\"font-weight: 400;\" aria-level=\"1\"><span style=\"font-weight: 400;\">PIT 36L (sole-proprietorship taxpayers paying a flat 19% tax) \u2013 field O<\/span><\/li>\n<li style=\"font-weight: 400;\" aria-level=\"1\"><span style=\"font-weight: 400;\">PIT 38 (taxpayers obtaining income from trading in securities, cryptocurrencies, and shares in companies) \u2013 field J\u00a0<\/span><\/li>\n<li style=\"font-weight: 400;\" aria-level=\"1\"><span style=\"font-weight: 400;\">PIT 39 (taxpayers obtaining income from the disposal of real estate against payment) \u2013 field H\u00a0<\/span><\/li>\n<\/ul>\n<p>&nbsp;<\/p>\n<p><span style=\"font-weight: 400;\">The 1.5% may also be donated by pensioners who got a PIT-40A form from their pension authority. All it takes is making a declaration on the PIT\/OP form.\u00a0<\/span><\/p>\n<p>&nbsp;<\/p>\n                    <\/div>\n                            <\/div>\n\n                            <!-- <hr class=\"cb__faq-line\"\/> -->\n                        \n        <\/div>\n\n        \n        <div class=\"cb__faq start-2 end-12 start-md-1 end-md-13\">\n\n            <div class=\"cb__question\">\n                <h4>\n                                            Can pensioners also donate 1.5% of their PIT money?                                    <\/h4>\n                <div class=\"cb__mark\"><\/div>\n            <\/div>\n\n                            <div class=\"cb__answear cb__border\">\n                                                <div class=\"cb__answer-container\">\n                        <p><span style=\"font-weight: 400;\">Pensioners who receive PIT11\/PIT40A forms have no duty to file tax returns.<\/span><\/p>\n<p><span style=\"font-weight: 400;\">They may support the SOS Food Bank in Warsaw by filling out the additional PIT-OP form (enter KRS no. 00000 29435 in field C).<\/span><\/p>\n<p><span style=\"font-weight: 400;\">A filled-out PIT-OP form may be sent:\u00a0<\/span><\/p>\n<ol>\n<li style=\"font-weight: 400;\" aria-level=\"1\"><span style=\"font-weight: 400;\">in paper form,\u00a0<\/span><\/li>\n<li style=\"font-weight: 400;\" aria-level=\"1\"><span style=\"font-weight: 400;\">electronically,<\/span><\/li>\n<li style=\"font-weight: 400;\" aria-level=\"1\"><span style=\"font-weight: 400;\">through the PIT form available at our website,<\/span><\/li>\n<li style=\"font-weight: 400;\" aria-level=\"1\"><span style=\"font-weight: 400;\">or through the Your e-PIT service.<\/span><\/li>\n<\/ol>\n<p>&nbsp;<\/p>\n<p><span style=\"font-weight: 400;\">download file: <a href=\"https:\/\/bzsos.pl\/pit-op-za-2024\/\">PIT-OP form<\/a><\/span><\/p>\n<p>&nbsp;<\/p>\n                    <\/div>\n                            <\/div>\n\n                            <!-- <hr class=\"cb__faq-line\"\/> -->\n                        \n        <\/div>\n\n        \n        <div class=\"cb__faq start-2 end-12 start-md-1 end-md-13\">\n\n            <div class=\"cb__question\">\n                <h4>\n                                            How to donate 1.5% of my PIT money to the SOS Food Bank in Warsaw?                                    <\/h4>\n                <div class=\"cb__mark\"><\/div>\n            <\/div>\n\n                            <div class=\"cb__answear cb__border\">\n                                                <div class=\"cb__answer-container\">\n                        <p><span style=\"font-weight: 400;\">In order to donate 1.5% of your PIT money to us, you need to enter our <\/span><b>KRS no., 00000 29435,<\/b><span style=\"font-weight: 400;\"> in your annual tax return.\u00a0<\/span><\/p>\n<p><span style=\"font-weight: 400;\">You may do this using:<\/span><\/p>\n<p><b>1.\u00a0 the free PIT settlement software at our website<\/b><span style=\"font-weight: 400;\">\u00a0<\/span><\/p>\n<p><a href=\"https:\/\/www.pitax.pl\/rozliczenie-pit-online-0000029435\/\"><span style=\"font-weight: 400;\">https:\/\/www.pitax.pl\/rozliczenie-pit-online-0000029435\/<\/span><\/a><\/p>\n<p>&nbsp;<\/p>\n<p><b>2. the e-PIT service<\/b><span style=\"font-weight: 400;\">\u00a0<\/span><\/p>\n<p><span style=\"font-weight: 400;\">Log in at <\/span><a href=\"https:\/\/www.podatki.gov.pl\/\"><span style=\"font-weight: 400;\">podatki.gov.pl\/<\/span><\/a><span style=\"font-weight: 400;\"> -&gt; select e-Tax Office -&gt; Your e-PIT<\/span><\/p>\n<p>&nbsp;<\/p>\n<p><span style=\"font-weight: 400;\">*If you have not donated any percentage of your tax money anywhere, choose\u00a0<\/span><\/p>\n<p><span style=\"font-weight: 400;\">KRS no. 00000 29435 from the list; check the information transfer consent box (voluntary)<\/span><\/p>\n<p>&nbsp;<\/p>\n<p><span style=\"font-weight: 400;\">*If you donated a percentage of your tax money to another organisation, select the option to change the organisation; afterwards, from the list of PBOs, select\u00a0<\/span><\/p>\n<p><span style=\"font-weight: 400;\">KRS no. 00000 29435, then approve the change<\/span><\/p>\n<p>&nbsp;<\/p>\n<p><b>3. by filing a paperform PIT return with the Tax Office.<\/b><\/p>\n                    <\/div>\n                            <\/div>\n\n                            <!-- <hr class=\"cb__faq-line\"\/> -->\n                        \n        <\/div>\n\n        \n        <div class=\"cb__faq start-2 end-12 start-md-1 end-md-13\">\n\n            <div class=\"cb__question\">\n                <h4>\n                                            I\u2019ve donated 1.5% of my tax money to another organisation already. Can I help the SOS Food Bank in Warsaw another way?                                    <\/h4>\n                <div class=\"cb__mark\"><\/div>\n            <\/div>\n\n                            <div class=\"cb__answear cb__border\">\n                                                <div class=\"cb__answer-container\">\n                        <p><span style=\"font-weight: 400;\">Yes \u2013 you can provide food to people in need by making a donation<\/span><\/p>\n<ol>\n<li style=\"font-weight: 400;\" aria-level=\"1\"><span style=\"font-weight: 400;\">at our website bzsos.pl\/chce-pomoc<\/span><\/li>\n<li style=\"font-weight: 400;\" aria-level=\"1\"><span style=\"font-weight: 400;\">by bank transfer to account no.: PL 30 1090 2590 0000 0001 4374 3757\u00a0<\/span><\/li>\n<\/ol>\n<p><span style=\"font-weight: 400;\">Any kind of assistance from you helps the people we take care of live with more dignity.<\/span><\/p>\n<p>&nbsp;<\/p>\n                    <\/div>\n                            <\/div>\n\n                            <!-- <hr class=\"cb__faq-line\"\/> -->\n                        \n        <\/div>\n\n        \n        <div class=\"cb__faq start-2 end-12 start-md-1 end-md-13\">\n\n            <div class=\"cb__question\">\n                <h4>\n                                            How to deduct the donation made to the Foundation last year from my taxes?                                    <\/h4>\n                <div class=\"cb__mark\"><\/div>\n            <\/div>\n\n                            <div class=\"cb__answear cb__border\">\n                                                <div class=\"cb__answer-container\">\n                        <p><span style=\"font-weight: 400;\">f you supported the SOS Food Bank in Warsaw last year, you may apply a donation-based tax reduction, thus paying a lower tax.<\/span><\/p>\n<p><span style=\"font-weight: 400;\">The entire amount donated to the foundation is subject to deduction (though no more than 6% of the entire net income amount). The deduction is made based on a proof of payment to our bank account.<\/span><\/p>\n<p><span style=\"font-weight: 400;\">Include the PIT\/O attachment with your tax return. Enter the amount of deductions for the year, the amount of the donation, and the organisation&#8217;s data (Bank \u017bywno\u015bci SOS w Warszawie, ul. Bodycha 97, Regu\u0142y, 05-820 Piast\u00f3w I).\u00a0<\/span><\/p>\n<p><span style=\"font-weight: 400;\">Remember that, even after having applied a donation-based tax deduction, you can still transfer 1.5% of your PIT money to our Foundation.<\/span><\/p>\n<p>&nbsp;<\/p>\n                    <\/div>\n                            <\/div>\n\n                            <!-- <hr class=\"cb__faq-line\"\/> -->\n                        \n        <\/div>\n\n        \n        <div class=\"cb__faq start-2 end-12 start-md-1 end-md-13\">\n\n            <div class=\"cb__question\">\n                <h4>\n                                            Can I deduct the donation from my tax and still transfer 1.5% of my PIT money?                                    <\/h4>\n                <div class=\"cb__mark\"><\/div>\n            <\/div>\n\n                            <div class=\"cb__answear cb__border\">\n                                                <div class=\"cb__answer-container\">\n                        <p><span style=\"font-weight: 400;\">Yes. A donation made in tax year 2022 is a separate manner of financially supporting the organisation, therefore all regular and one-time donations may be deducted from one&#8217;s tax.<\/span><\/p>\n<p><span style=\"font-weight: 400;\">You may still transfer 1.5% of your PIT money even when deducting donations.\u00a0<\/span><\/p>\n<p><span style=\"font-weight: 400;\">All forms of support you give us make it possible for poor people to receive food from us.<\/span><\/p>\n<p>&nbsp;<\/p>\n                    <\/div>\n                            <\/div>\n\n                            <!-- <hr class=\"cb__faq-line\"\/> -->\n                        \n        <\/div>\n\n        \n        <div class=\"cb__faq start-2 end-12 start-md-1 end-md-13\">\n\n            <div class=\"cb__question\">\n                <h4>\n                                            Will I lose part of my tax rebate if I transfer the 1.5%?                                    <\/h4>\n                <div class=\"cb__mark\"><\/div>\n            <\/div>\n\n                            <div class=\"cb__answear\">\n                                                <div class=\"cb__answer-container\">\n                        <p><span style=\"font-weight: 400;\">No. Transferring the 1.5% will not impact the amount of the rebate.<\/span><\/p>\n<p><span style=\"font-weight: 400;\">The surplus tax paid is refunded within 3 months from having filed the tax form or from the settlement of the National Revenue Administration.\u00a0<\/span><\/p>\n<p><span style=\"font-weight: 400;\">Transfer 1.5% of your PIT money to stop hunger from taking away people\u2019s dignity<\/span><\/p>\n<p>&nbsp;<\/p>\n                    <\/div>\n                            <\/div>\n\n                        \n        <\/div>\n\n            <\/div>\n\n\n    <script>\n        document.addEventListener(\"DOMContentLoaded\", function () {\n            const questionElements = document.querySelectorAll(\".cb__question\");\n            questionElements.forEach(function (questionElement) {\n                questionElement.addEventListener(\"click\", function () {\n                    const answerElement = this.nextElementSibling;\n                    const markElement = this.querySelector(\".cb__mark\");\n            \n                    answerElement.classList.toggle(\"show\");\n                    markElement.classList.toggle(\"show\");\n                });\n            });\n        });\n    <\/script>\n\n","protected":false},"excerpt":{"rendered":"","protected":false},"author":1,"featured_media":0,"parent":0,"menu_order":0,"comment_status":"closed","ping_status":"closed","template":"views\/template-przekaz-15.blade.php","meta":{"_acf_changed":false,"inline_featured_image":false,"footnotes":""},"class_list":["post-5825","page","type-page","status-publish","hentry"],"acf":[],"yoast_head":"<!-- This site is optimized with the Yoast SEO plugin v25.3 - https:\/\/yoast.com\/wordpress\/plugins\/seo\/ -->\n<title>Donate 1,5% -<\/title>\n<meta name=\"robots\" content=\"index, follow, max-snippet:-1, max-image-preview:large, max-video-preview:-1\" \/>\n<link rel=\"canonical\" href=\"https:\/\/bzsos.pl\/en\/donate-15\/\" \/>\n<meta property=\"og:locale\" content=\"en_US\" \/>\n<meta property=\"og:type\" content=\"article\" \/>\n<meta property=\"og:title\" content=\"Donate 1,5% -\" \/>\n<meta property=\"og:url\" content=\"https:\/\/bzsos.pl\/en\/donate-15\/\" \/>\n<meta property=\"article:modified_time\" content=\"2025-05-15T12:20:24+00:00\" \/>\n<meta name=\"twitter:card\" content=\"summary_large_image\" \/>\n<script type=\"application\/ld+json\" class=\"yoast-schema-graph\">{\"@context\":\"https:\/\/schema.org\",\"@graph\":[{\"@type\":\"WebPage\",\"@id\":\"https:\/\/bzsos.pl\/en\/donate-15\/\",\"url\":\"https:\/\/bzsos.pl\/en\/donate-15\/\",\"name\":\"Donate 1,5% -\",\"isPartOf\":{\"@id\":\"https:\/\/bzsos.pl\/#website\"},\"datePublished\":\"2023-08-14T09:42:43+00:00\",\"dateModified\":\"2025-05-15T12:20:24+00:00\",\"breadcrumb\":{\"@id\":\"https:\/\/bzsos.pl\/en\/donate-15\/#breadcrumb\"},\"inLanguage\":\"en-US\",\"potentialAction\":[{\"@type\":\"ReadAction\",\"target\":[\"https:\/\/bzsos.pl\/en\/donate-15\/\"]}]},{\"@type\":\"BreadcrumbList\",\"@id\":\"https:\/\/bzsos.pl\/en\/donate-15\/#breadcrumb\",\"itemListElement\":[{\"@type\":\"ListItem\",\"position\":1,\"name\":\"Home\",\"item\":\"https:\/\/bzsos.pl\/en\/\"},{\"@type\":\"ListItem\",\"position\":2,\"name\":\"Donate 1,5%\"}]},{\"@type\":\"WebSite\",\"@id\":\"https:\/\/bzsos.pl\/#website\",\"url\":\"https:\/\/bzsos.pl\/\",\"name\":\"\",\"description\":\"\",\"potentialAction\":[{\"@type\":\"SearchAction\",\"target\":{\"@type\":\"EntryPoint\",\"urlTemplate\":\"https:\/\/bzsos.pl\/?s={search_term_string}\"},\"query-input\":{\"@type\":\"PropertyValueSpecification\",\"valueRequired\":true,\"valueName\":\"search_term_string\"}}],\"inLanguage\":\"en-US\"}]}<\/script>\n<!-- \/ Yoast SEO plugin. -->","yoast_head_json":{"title":"Donate 1,5% -","robots":{"index":"index","follow":"follow","max-snippet":"max-snippet:-1","max-image-preview":"max-image-preview:large","max-video-preview":"max-video-preview:-1"},"canonical":"https:\/\/bzsos.pl\/en\/donate-15\/","og_locale":"en_US","og_type":"article","og_title":"Donate 1,5% -","og_url":"https:\/\/bzsos.pl\/en\/donate-15\/","article_modified_time":"2025-05-15T12:20:24+00:00","twitter_card":"summary_large_image","schema":{"@context":"https:\/\/schema.org","@graph":[{"@type":"WebPage","@id":"https:\/\/bzsos.pl\/en\/donate-15\/","url":"https:\/\/bzsos.pl\/en\/donate-15\/","name":"Donate 1,5% -","isPartOf":{"@id":"https:\/\/bzsos.pl\/#website"},"datePublished":"2023-08-14T09:42:43+00:00","dateModified":"2025-05-15T12:20:24+00:00","breadcrumb":{"@id":"https:\/\/bzsos.pl\/en\/donate-15\/#breadcrumb"},"inLanguage":"en-US","potentialAction":[{"@type":"ReadAction","target":["https:\/\/bzsos.pl\/en\/donate-15\/"]}]},{"@type":"BreadcrumbList","@id":"https:\/\/bzsos.pl\/en\/donate-15\/#breadcrumb","itemListElement":[{"@type":"ListItem","position":1,"name":"Home","item":"https:\/\/bzsos.pl\/en\/"},{"@type":"ListItem","position":2,"name":"Donate 1,5%"}]},{"@type":"WebSite","@id":"https:\/\/bzsos.pl\/#website","url":"https:\/\/bzsos.pl\/","name":"","description":"","potentialAction":[{"@type":"SearchAction","target":{"@type":"EntryPoint","urlTemplate":"https:\/\/bzsos.pl\/?s={search_term_string}"},"query-input":{"@type":"PropertyValueSpecification","valueRequired":true,"valueName":"search_term_string"}}],"inLanguage":"en-US"}]}},"_links":{"self":[{"href":"https:\/\/bzsos.pl\/en\/wp-json\/wp\/v2\/pages\/5825","targetHints":{"allow":["GET"]}}],"collection":[{"href":"https:\/\/bzsos.pl\/en\/wp-json\/wp\/v2\/pages"}],"about":[{"href":"https:\/\/bzsos.pl\/en\/wp-json\/wp\/v2\/types\/page"}],"author":[{"embeddable":true,"href":"https:\/\/bzsos.pl\/en\/wp-json\/wp\/v2\/users\/1"}],"replies":[{"embeddable":true,"href":"https:\/\/bzsos.pl\/en\/wp-json\/wp\/v2\/comments?post=5825"}],"version-history":[{"count":3,"href":"https:\/\/bzsos.pl\/en\/wp-json\/wp\/v2\/pages\/5825\/revisions"}],"predecessor-version":[{"id":5831,"href":"https:\/\/bzsos.pl\/en\/wp-json\/wp\/v2\/pages\/5825\/revisions\/5831"}],"wp:attachment":[{"href":"https:\/\/bzsos.pl\/en\/wp-json\/wp\/v2\/media?parent=5825"}],"curies":[{"name":"wp","href":"https:\/\/api.w.org\/{rel}","templated":true}]}}