{"id":5834,"date":"2023-08-03T11:46:04","date_gmt":"2023-08-03T11:46:04","guid":{"rendered":"https:\/\/bzsos.pl\/?page_id=5834"},"modified":"2025-05-16T12:09:21","modified_gmt":"2025-05-16T12:09:21","slug":"terms-and-conditions-for-donations-made-to-the-sos-food-bank-in-warsaw","status":"publish","type":"page","link":"https:\/\/bzsos.pl\/en\/terms-and-conditions-for-donations-made-to-the-sos-food-bank-in-warsaw\/","title":{"rendered":"Terms and conditions for donations made to the sos Food Bank in Warsaw"},"content":{"rendered":"\n            <div class=\"cb__text-container\">\n            <div class=\"grid\">\n                <div class=\"cb__text start-2 end-9 start-md-1 end-md-13\">\n                    <p class=\"p5\"><span class=\"s1\">\u00a7 1 <\/span>Definitions<\/p>\n<p class=\"p7\">The terms used herein shall be construed to have the following meanings:<\/p>\n<p class=\"p7\"><b>1)<\/b> <b>\u2018Food Bank\u2019, \u2018SOS Food Bank in Warsaw\u2019<\/b> \u2013 Bank \u017bywno\u015bci SOS w Warszawie, KRS: 0000029435; NIP: 524-106-72-96; REGON: 010607645 \u2013 ul. Stanis\u0142awa Bodycha 97, 05-820 Regu\u0142y;<\/p>\n<p class=\"p7\"><b>2)<\/b> <b>\u2018Terms and Conditions\u2019 <\/b>\u2013 the present Terms and Conditions;<\/p>\n<p class=\"p7\"><b>3)<\/b> <b>\u2018Donor\u2019<\/b> \u2013 a subject making donations to the Food Bank in any manner;<\/p>\n<p class=\"p7\"><b>4) \u2018Donation\u2019<\/b> \u2013 funds conveyed by a Donor to the Food Bank for the performance of its statutory activities (statutory objectives).<\/p>\n<p class=\"p11\">\u00a7 2 General provisions<\/p>\n<p class=\"p7\">1.<span class=\"Apple-converted-space\">\u00a0 <\/span>The Terms and Conditions set out the rules for making Donations to the Food Bank.<\/p>\n<p class=\"p14\">2.<span class=\"Apple-converted-space\">\u00a0 <\/span>Every Donor is obliged to read the Terms and Conditions before making a Donation.<\/p>\n<p class=\"p16\"><span class=\"s2\">3.<span class=\"Apple-converted-space\">\u00a0 <\/span><\/span>Making a Donation entails the acceptance of and obligation to respect the rules set out in the Terms and Conditions.<\/p>\n<p class=\"p18\"><span class=\"s2\">4.<span class=\"Apple-converted-space\">\u00a0 <\/span><\/span>The Food Bank makes the Terms and Conditions available to Donors to read prior to making a Donation free of charge, by posting them on the Food Bank\u2019s website: www.bzsos.pl.<\/p>\n<p class=\"p19\">5.<span class=\"Apple-converted-space\">\u00a0 <\/span>By making a Donation, the Donor declares that it understands that making the Donation satisfies the premises of the agreement referred to in Article 888 of the Polish Civil Code, i.e. the donation agreement, which entails granting to the Food Bank a gratuitous benefit at the expense of the Donor\u2019s assets.<\/p>\n<p class=\"p19\">6.<span class=\"Apple-converted-space\">\u00a0 <\/span>By making a Donation, the Donor declares that it is aware that, with the transfer, the premises referred to in the second sentence of Article 890 section 1 of the Polish Civil Code, stating that the Donation made is valid regardless of the form of the legal act, are fulfilled.<\/p>\n<p class=\"p19\">7.<span class=\"Apple-converted-space\">\u00a0 <\/span>Donations shall be used for the Food Bank\u2019s statutory objectives of providing food to people in need, including procurement, transportation, storage and distribution.<\/p>\n<p class=\"p22\">\u00a7 3 Tax exemptions<\/p>\n<p class=\"p24\">1.<span class=\"Apple-converted-space\">\u00a0 <\/span>The Food Bank is a foundation enjoying the status of a public benefit organisation.<\/p>\n<p class=\"p25\">2.<span class=\"Apple-converted-space\">\u00a0 <\/span>Pursuant to the provisions of Article 26 section 1 point 9 of the Polish Personal Income Tax Law and Article 18 section 1 points 1 and 7 of the Polish Corporate Income Tax Law, respectively, it is possible to deduct the value of certain donations made from one\u2019s income in a given tax year. Donations made for the Food Bank&#8217;s operations may be deducted from the income of:<\/p>\n<p class=\"p26\">\u2013<span class=\"Apple-converted-space\">\u00a0 <\/span>an individual, up to an amount equal to 6% of income before tax (Article 26 section 1 point 9 of the Polish Personal Income Tax Law), \u2013 an entity, up to an amount equal to 10% of income before tax (Article 18 section 1 points 1 and 7 of the Polish Corporate Income Tax Law).<\/p>\n<p class=\"p16\">3.<span class=\"Apple-converted-space\">\u00a0 <\/span>The confirmation of the transfer must be kept for a period of 5 years following the end of the calendar year in which the Donation was made.<\/p>\n<p class=\"p28\">\u00a7 4 Fees<\/p>\n<p class=\"p7\">The Food Bank does not charge Donors any commission or other additional fees on the Donations made.<\/p>\n<p class=\"p29\">\u00a7 5 Personal data<\/p>\n<p class=\"p30\">1.<span class=\"Apple-converted-space\">\u00a0 <\/span>The controller of the personal data is Bank \u017bywno\u015bci SOS w Warszawie (hereinafter: \u201cCONTROLLER\u201d, with its registered office at: ul. St. Bodycha 97, Regu\u0142y, 05-820 Piast\u00f3w 1, Poland. The Controller may be contacted in writing, by post, at the following address: St. Bodycha 97, Regu\u0142y, 05-820 Piast\u00f3w 1, Poland.<\/p>\n<p class=\"p30\">2.<span class=\"Apple-converted-space\">\u00a0 <\/span>The Controller has appointed a Data Protection Officer who may be contacted at the following email address: iodo@rt-net.pl.<\/p>\n<p class=\"p31\">3.<span class=\"Apple-converted-space\">\u00a0 <\/span>Personal data is processed on the basis of Regulation (EU) 2016\/679 of the European Parliament and of the Council of 27 April 2016 on the protection of natural persons with regard to the processing of personal data and on the free movement of such data, and repealing Directive 95\/46\/EC (General Data Protection Regulation), as well as of the Polish Law on Accounting of 29 September 1994.<\/p>\n<p class=\"p7\">4.<span class=\"Apple-converted-space\">\u00a0 <\/span>The processing is carried out for:<\/p>\n<p class=\"p33\">&#8211; the performance of the Donation agreement \u2013 Article 6 section 1 b) of the GDPR \u2013 personal data shall be kept for a period of 5 years following the beginning of the year following the year in which a Donation was made or support was provided to the Controller;<\/p>\n<p class=\"p33\">&#8211; the issuance of accounting receipts documenting Donations \u2013 Article 6 section 1 c) of the GDPR \u2013 personal data shall be kept for a period of 5 years following the beginning of the year following the year in which a Donation was made or support was provided;<\/p>\n<p class=\"p33\">&#8211; thanking the Donors for their support, including sending postcards \u2013 Article 6 section 1 f) of the GDPR \u2013 personal data shall be kept for one year after support was provided, for the purpose of sending our thanks and information on the activities funded by the Donations by the Controller;<\/p>\n<p class=\"p35\">&#8211; establishing, pursuing or defending against claims \u2013 Article 6 section 1 f) of the GDPR \u2013 data will be stored 3 years following a given Donation.<\/p>\n<p class=\"p7\">5.<span class=\"Apple-converted-space\">\u00a0 <\/span>Personal data is not obtained from third parties.<\/p>\n<p class=\"p30\">6.<span class=\"Apple-converted-space\">\u00a0 <\/span>The Controller does not intend to transfer data to third countries or international organisations.<\/p>\n<p class=\"p31\">7.<span class=\"Apple-converted-space\">\u00a0 <\/span>The Controller shall only transfer personal data to other entities based on the provisions of the law and, if necessary, to other entities, based on agreements on personal data processing entrustment, including to:<\/p>\n<p class=\"p35\">IT service providers, Caltha \u2013 Krzewski, Potempski Sp.J., and the banks that process the payments.<\/p>\n<p class=\"p30\">8.<span class=\"Apple-converted-space\">\u00a0 <\/span>The data subject has the right to request access to, rectification of, erasure of or restriction of processing of personal data by the Controller, and has the right to object to processing, as well as the right to data portability.<\/p>\n<p class=\"p30\">9.<span class=\"Apple-converted-space\">\u00a0 <\/span>Complaints on the Controller\u2019s actions may be filed with the President of the Data Protection Authority.<\/p>\n<p class=\"p31\">10. The provision of personal data is necessary for making a Donation; if the said data is not provided, co-financing the Controller\u2019s activities will not be possible.<\/p>\n<p class=\"p7\">11. The Controller does not intend to carry out automated decision-making.<\/p>\n<p class=\"p39\">\u00a7 6 Claims<\/p>\n<p class=\"p40\">1.<span class=\"Apple-converted-space\">\u00a0 <\/span>Every Donor has the right to make a complaint pertaining to matters associated with making Donations.<\/p>\n<p class=\"p40\">2.<span class=\"Apple-converted-space\">\u00a0 <\/span>Complaints shall be made by email to the following address: <a href=\"mailto:fundacja@bzsos.pl\"><span class=\"s4\">fundacja@bzsos.pl<\/span> <\/a> or in writing, to the Food Bank\u2019s address.<\/p>\n<p class=\"p40\">3.<span class=\"Apple-converted-space\">\u00a0 <\/span>The Food Bank shall respond to complaints within 14 days of receipt.<\/p>\n<p class=\"p41\">4.<span class=\"Apple-converted-space\">\u00a0 <\/span>A response to the complaint shall be sent to the email address indicated by the Donor in the complaint, or, if the complaint was made in writing, to the email address indicated in the letter.<\/p>\n<p class=\"p41\">5.<span class=\"Apple-converted-space\">\u00a0 <\/span>The Food Bank informs Donors that an on-line platform for out-of-court settlement of disputes between consumers and businesses (ODR platform) is available to Donors at <a href=\"http:\/\/ec.europa.eu\/consumers\/odr\"><span class=\"s4\">http:\/\/ec.europa.eu\/consumers\/odr<\/span><\/a>.<\/p>\n<p class=\"p42\">\u00a7 7<\/p>\n<p class=\"p43\">Erasure of data, termination and dissolution of the agreement<\/p>\n<p class=\"p45\">A Donor has the right to demand that the Food Bank erase its data by sending an email with such a request included in its content to iodo@rt-net.pl from the address provided while making the Donation, and the Food Bank shall be obliged to erase the data immediately following such a request.<\/p>\n<p class=\"p42\">\u00a7 8<\/p>\n<p class=\"p47\">Changes to the Terms and Conditions<\/p>\n<p class=\"p49\">1.<span class=\"Apple-converted-space\">\u00a0 <\/span>The Food Bank reserves the right to introduce changes to the Terms and Conditions.<\/p>\n<p class=\"p19\"><span class=\"s5\">2.<span class=\"Apple-converted-space\">\u00a0 \u00a0 <\/span><\/span>Any changes to the Terms and Conditions shall be communicated on the Food Bank\u2019s website: <a href=\"http:\/\/www.bzsos.pl\/\"><span class=\"s6\">www.bzsos.pl<\/span><\/a> at least 14 days in advance of the effective date of such changes.<\/p>\n<p class=\"p50\">\u00a7 9 Final provisions<\/p>\n<p class=\"p14\">1.<span class=\"Apple-converted-space\">\u00a0 <\/span>The Terms and Conditions are valid starting on the date of their publication on the Food Bank\u2019s website: www.bzsos.pl.<\/p>\n<p class=\"p19\">2.<span class=\"Apple-converted-space\">\u00a0 <\/span>The Terms and Conditions are available on the Food Bank\u2019s website: <a href=\"http:\/\/www.bzsos.pl\/\"><span class=\"s6\">www.bzsos.pl<\/span><\/a> in a form permitting its recording and reproduction, as well as at the Food Bank\u2019s office.<\/p>\n                <\/div>\n            <\/div>\n        <\/div>\n    \n\n","protected":false},"excerpt":{"rendered":"","protected":false},"author":1,"featured_media":0,"parent":0,"menu_order":0,"comment_status":"closed","ping_status":"open","template":"","meta":{"_acf_changed":false,"inline_featured_image":false,"footnotes":""},"class_list":["post-5834","page","type-page","status-publish","hentry"],"acf":[],"yoast_head":"<!-- This site is optimized with the Yoast SEO plugin v25.3 - https:\/\/yoast.com\/wordpress\/plugins\/seo\/ -->\n<title>Terms and conditions for donations made to the sos Food Bank in Warsaw -<\/title>\n<meta name=\"robots\" content=\"index, follow, max-snippet:-1, max-image-preview:large, max-video-preview:-1\" \/>\n<link rel=\"canonical\" href=\"https:\/\/bzsos.pl\/en\/terms-and-conditions-for-donations-made-to-the-sos-food-bank-in-warsaw\/\" \/>\n<meta property=\"og:locale\" content=\"en_US\" \/>\n<meta property=\"og:type\" content=\"article\" \/>\n<meta property=\"og:title\" content=\"Terms and conditions for donations made to the sos Food Bank in Warsaw -\" \/>\n<meta property=\"og:url\" content=\"https:\/\/bzsos.pl\/en\/terms-and-conditions-for-donations-made-to-the-sos-food-bank-in-warsaw\/\" \/>\n<meta property=\"article:modified_time\" content=\"2025-05-16T12:09:21+00:00\" \/>\n<meta name=\"twitter:card\" content=\"summary_large_image\" \/>\n<script type=\"application\/ld+json\" class=\"yoast-schema-graph\">{\"@context\":\"https:\/\/schema.org\",\"@graph\":[{\"@type\":\"WebPage\",\"@id\":\"https:\/\/bzsos.pl\/en\/terms-and-conditions-for-donations-made-to-the-sos-food-bank-in-warsaw\/\",\"url\":\"https:\/\/bzsos.pl\/en\/terms-and-conditions-for-donations-made-to-the-sos-food-bank-in-warsaw\/\",\"name\":\"Terms and conditions for donations made to the sos Food Bank in Warsaw -\",\"isPartOf\":{\"@id\":\"https:\/\/bzsos.pl\/#website\"},\"datePublished\":\"2023-08-03T11:46:04+00:00\",\"dateModified\":\"2025-05-16T12:09:21+00:00\",\"breadcrumb\":{\"@id\":\"https:\/\/bzsos.pl\/en\/terms-and-conditions-for-donations-made-to-the-sos-food-bank-in-warsaw\/#breadcrumb\"},\"inLanguage\":\"en-US\",\"potentialAction\":[{\"@type\":\"ReadAction\",\"target\":[\"https:\/\/bzsos.pl\/en\/terms-and-conditions-for-donations-made-to-the-sos-food-bank-in-warsaw\/\"]}]},{\"@type\":\"BreadcrumbList\",\"@id\":\"https:\/\/bzsos.pl\/en\/terms-and-conditions-for-donations-made-to-the-sos-food-bank-in-warsaw\/#breadcrumb\",\"itemListElement\":[{\"@type\":\"ListItem\",\"position\":1,\"name\":\"Home\",\"item\":\"https:\/\/bzsos.pl\/en\/\"},{\"@type\":\"ListItem\",\"position\":2,\"name\":\"Terms and conditions for donations made to the sos Food Bank in Warsaw\"}]},{\"@type\":\"WebSite\",\"@id\":\"https:\/\/bzsos.pl\/#website\",\"url\":\"https:\/\/bzsos.pl\/\",\"name\":\"\",\"description\":\"\",\"potentialAction\":[{\"@type\":\"SearchAction\",\"target\":{\"@type\":\"EntryPoint\",\"urlTemplate\":\"https:\/\/bzsos.pl\/?s={search_term_string}\"},\"query-input\":{\"@type\":\"PropertyValueSpecification\",\"valueRequired\":true,\"valueName\":\"search_term_string\"}}],\"inLanguage\":\"en-US\"}]}<\/script>\n<!-- \/ Yoast SEO plugin. -->","yoast_head_json":{"title":"Terms and conditions for donations made to the sos Food Bank in Warsaw -","robots":{"index":"index","follow":"follow","max-snippet":"max-snippet:-1","max-image-preview":"max-image-preview:large","max-video-preview":"max-video-preview:-1"},"canonical":"https:\/\/bzsos.pl\/en\/terms-and-conditions-for-donations-made-to-the-sos-food-bank-in-warsaw\/","og_locale":"en_US","og_type":"article","og_title":"Terms and conditions for donations made to the sos Food Bank in Warsaw -","og_url":"https:\/\/bzsos.pl\/en\/terms-and-conditions-for-donations-made-to-the-sos-food-bank-in-warsaw\/","article_modified_time":"2025-05-16T12:09:21+00:00","twitter_card":"summary_large_image","schema":{"@context":"https:\/\/schema.org","@graph":[{"@type":"WebPage","@id":"https:\/\/bzsos.pl\/en\/terms-and-conditions-for-donations-made-to-the-sos-food-bank-in-warsaw\/","url":"https:\/\/bzsos.pl\/en\/terms-and-conditions-for-donations-made-to-the-sos-food-bank-in-warsaw\/","name":"Terms and conditions for donations made to the sos Food Bank in Warsaw -","isPartOf":{"@id":"https:\/\/bzsos.pl\/#website"},"datePublished":"2023-08-03T11:46:04+00:00","dateModified":"2025-05-16T12:09:21+00:00","breadcrumb":{"@id":"https:\/\/bzsos.pl\/en\/terms-and-conditions-for-donations-made-to-the-sos-food-bank-in-warsaw\/#breadcrumb"},"inLanguage":"en-US","potentialAction":[{"@type":"ReadAction","target":["https:\/\/bzsos.pl\/en\/terms-and-conditions-for-donations-made-to-the-sos-food-bank-in-warsaw\/"]}]},{"@type":"BreadcrumbList","@id":"https:\/\/bzsos.pl\/en\/terms-and-conditions-for-donations-made-to-the-sos-food-bank-in-warsaw\/#breadcrumb","itemListElement":[{"@type":"ListItem","position":1,"name":"Home","item":"https:\/\/bzsos.pl\/en\/"},{"@type":"ListItem","position":2,"name":"Terms and conditions for donations made to the sos Food Bank in Warsaw"}]},{"@type":"WebSite","@id":"https:\/\/bzsos.pl\/#website","url":"https:\/\/bzsos.pl\/","name":"","description":"","potentialAction":[{"@type":"SearchAction","target":{"@type":"EntryPoint","urlTemplate":"https:\/\/bzsos.pl\/?s={search_term_string}"},"query-input":{"@type":"PropertyValueSpecification","valueRequired":true,"valueName":"search_term_string"}}],"inLanguage":"en-US"}]}},"_links":{"self":[{"href":"https:\/\/bzsos.pl\/en\/wp-json\/wp\/v2\/pages\/5834","targetHints":{"allow":["GET"]}}],"collection":[{"href":"https:\/\/bzsos.pl\/en\/wp-json\/wp\/v2\/pages"}],"about":[{"href":"https:\/\/bzsos.pl\/en\/wp-json\/wp\/v2\/types\/page"}],"author":[{"embeddable":true,"href":"https:\/\/bzsos.pl\/en\/wp-json\/wp\/v2\/users\/1"}],"replies":[{"embeddable":true,"href":"https:\/\/bzsos.pl\/en\/wp-json\/wp\/v2\/comments?post=5834"}],"version-history":[{"count":2,"href":"https:\/\/bzsos.pl\/en\/wp-json\/wp\/v2\/pages\/5834\/revisions"}],"predecessor-version":[{"id":5853,"href":"https:\/\/bzsos.pl\/en\/wp-json\/wp\/v2\/pages\/5834\/revisions\/5853"}],"wp:attachment":[{"href":"https:\/\/bzsos.pl\/en\/wp-json\/wp\/v2\/media?parent=5834"}],"curies":[{"name":"wp","href":"https:\/\/api.w.org\/{rel}","templated":true}]}}