{"id":6028,"date":"2025-06-13T10:33:12","date_gmt":"2025-06-13T10:33:12","guid":{"rendered":"https:\/\/bzsos.pl\/zobacz-jak-mozesz-nam-pomoc\/"},"modified":"2025-06-27T11:21:17","modified_gmt":"2025-06-27T11:21:17","slug":"zobacz-jak-mozesz-pomoc","status":"publish","type":"page","link":"https:\/\/bzsos.pl\/en\/zobacz-jak-mozesz-pomoc\/","title":{"rendered":"How can you help us?"},"content":{"rendered":"\n<div class=\"wp-block-group is-vertical is-layout-flex wp-container-core-group-is-layout-8cf370e7 wp-block-group-is-layout-flex\"><\/div>\n\n\n\n<div class=\"wp-block-buttons is-content-justification-center is-layout-flex wp-container-core-buttons-is-layout-16018d1d wp-block-buttons-is-layout-flex\">\n<div class=\"wp-block-button\"><a class=\"wp-block-button__link wp-element-button\" href=\"https:\/\/bzsos.pl\/en\/for-businesses\/\">For businesses<\/a><\/div>\n<\/div>\n\n\n\n<div style=\"height:28px\" aria-hidden=\"true\" class=\"wp-block-spacer\"><\/div>\n\n\n\n<div class=\"wp-block-buttons is-content-justification-center is-layout-flex wp-container-core-buttons-is-layout-16018d1d wp-block-buttons-is-layout-flex\">\n<div class=\"wp-block-button\"><a class=\"wp-block-button__link wp-element-button\" href=\"https:\/\/bzsos.pl\/en\/one-time-help\/\">One-time help<\/a><\/div>\n<\/div>\n\n\n\n<div style=\"height:28px\" aria-hidden=\"true\" class=\"wp-block-spacer\"><\/div>\n\n\n\n<div class=\"wp-block-buttons is-content-justification-center is-layout-flex wp-container-core-buttons-is-layout-16018d1d wp-block-buttons-is-layout-flex\">\n<div class=\"wp-block-button\"><a class=\"wp-block-button__link wp-element-button\" href=\"https:\/\/bzsos.pl\/en\/help-regularly\/\">Help regularly<\/a><\/div>\n<\/div>\n\n\n\n<div style=\"height:28px\" aria-hidden=\"true\" class=\"wp-block-spacer\"><\/div>\n\n\n\n<div class=\"wp-block-buttons is-content-justification-center is-layout-flex wp-container-core-buttons-is-layout-16018d1d wp-block-buttons-is-layout-flex\">\n<div class=\"wp-block-button\"><a class=\"wp-block-button__link wp-element-button\" href=\"https:\/\/bzsos.pl\/en\/donate-15\/\">Donate 1,5%<\/a><\/div>\n<\/div>\n\n\n\n<div style=\"height:28px\" aria-hidden=\"true\" class=\"wp-block-spacer\"><\/div>\n\n\n\n<div class=\"wp-block-buttons is-content-justification-center is-layout-flex wp-container-core-buttons-is-layout-16018d1d wp-block-buttons-is-layout-flex\">\n<div class=\"wp-block-button\"><a class=\"wp-block-button__link wp-element-button\" href=\"https:\/\/bzsos.pl\/en\/become-a-wolunteer\/\">Become a volunteer<\/a><\/div>\n<\/div>\n\n\n\n<p><\/p>\n","protected":false},"excerpt":{"rendered":"","protected":false},"author":5,"featured_media":0,"parent":0,"menu_order":0,"comment_status":"closed","ping_status":"closed","template":"","meta":{"_acf_changed":false,"inline_featured_image":false,"footnotes":""},"class_list":["post-6028","page","type-page","status-publish","hentry"],"acf":[],"yoast_head":"<!-- This site is optimized with the Yoast SEO plugin v25.3 - https:\/\/yoast.com\/wordpress\/plugins\/seo\/ -->\n<title>How can you help us? -<\/title>\n<meta name=\"description\" content=\"Chcesz wesprze\u0107 Bank \u017bywno\u015bci SOS w Warszawie? Zobacz, jak w prosty spos\u00f3b mo\u017cesz pom\u00f3c! Pom\u00f3\u017c jednorazowo lub pomagaj regularnie.\" \/>\n<meta name=\"robots\" content=\"index, follow, max-snippet:-1, max-image-preview:large, max-video-preview:-1\" \/>\n<link rel=\"canonical\" href=\"https:\/\/bzsos.pl\/en\/zobacz-jak-mozesz-pomoc\/\" \/>\n<meta property=\"og:locale\" content=\"en_US\" \/>\n<meta property=\"og:type\" content=\"article\" \/>\n<meta property=\"og:title\" content=\"How can you help us? -\" \/>\n<meta property=\"og:description\" content=\"Chcesz wesprze\u0107 Bank \u017bywno\u015bci SOS w Warszawie? Zobacz, jak w prosty spos\u00f3b mo\u017cesz pom\u00f3c! Pom\u00f3\u017c jednorazowo lub pomagaj regularnie.\" \/>\n<meta property=\"og:url\" content=\"https:\/\/bzsos.pl\/en\/zobacz-jak-mozesz-pomoc\/\" \/>\n<meta property=\"article:modified_time\" content=\"2025-06-27T11:21:17+00:00\" \/>\n<meta name=\"twitter:card\" content=\"summary_large_image\" \/>\n<meta name=\"twitter:label1\" content=\"Est. reading time\" \/>\n\t<meta name=\"twitter:data1\" content=\"1 minute\" \/>\n<script type=\"application\/ld+json\" class=\"yoast-schema-graph\">{\"@context\":\"https:\/\/schema.org\",\"@graph\":[{\"@type\":\"WebPage\",\"@id\":\"https:\/\/bzsos.pl\/en\/zobacz-jak-mozesz-pomoc\/\",\"url\":\"https:\/\/bzsos.pl\/en\/zobacz-jak-mozesz-pomoc\/\",\"name\":\"How can you help us? -\",\"isPartOf\":{\"@id\":\"https:\/\/bzsos.pl\/#website\"},\"datePublished\":\"2025-06-13T10:33:12+00:00\",\"dateModified\":\"2025-06-27T11:21:17+00:00\",\"description\":\"Chcesz wesprze\u0107 Bank \u017bywno\u015bci SOS w Warszawie? Zobacz, jak w prosty spos\u00f3b mo\u017cesz pom\u00f3c! Pom\u00f3\u017c jednorazowo lub pomagaj regularnie.\",\"breadcrumb\":{\"@id\":\"https:\/\/bzsos.pl\/en\/zobacz-jak-mozesz-pomoc\/#breadcrumb\"},\"inLanguage\":\"en-US\",\"potentialAction\":[{\"@type\":\"ReadAction\",\"target\":[\"https:\/\/bzsos.pl\/en\/zobacz-jak-mozesz-pomoc\/\"]}]},{\"@type\":\"BreadcrumbList\",\"@id\":\"https:\/\/bzsos.pl\/en\/zobacz-jak-mozesz-pomoc\/#breadcrumb\",\"itemListElement\":[{\"@type\":\"ListItem\",\"position\":1,\"name\":\"Home\",\"item\":\"https:\/\/bzsos.pl\/en\/\"},{\"@type\":\"ListItem\",\"position\":2,\"name\":\"How can you help us?\"}]},{\"@type\":\"WebSite\",\"@id\":\"https:\/\/bzsos.pl\/#website\",\"url\":\"https:\/\/bzsos.pl\/\",\"name\":\"\",\"description\":\"\",\"potentialAction\":[{\"@type\":\"SearchAction\",\"target\":{\"@type\":\"EntryPoint\",\"urlTemplate\":\"https:\/\/bzsos.pl\/?s={search_term_string}\"},\"query-input\":{\"@type\":\"PropertyValueSpecification\",\"valueRequired\":true,\"valueName\":\"search_term_string\"}}],\"inLanguage\":\"en-US\"}]}<\/script>\n<!-- \/ Yoast SEO plugin. -->","yoast_head_json":{"title":"How can you help us? -","description":"Chcesz wesprze\u0107 Bank \u017bywno\u015bci SOS w Warszawie? Zobacz, jak w prosty spos\u00f3b mo\u017cesz pom\u00f3c! Pom\u00f3\u017c jednorazowo lub pomagaj regularnie.","robots":{"index":"index","follow":"follow","max-snippet":"max-snippet:-1","max-image-preview":"max-image-preview:large","max-video-preview":"max-video-preview:-1"},"canonical":"https:\/\/bzsos.pl\/en\/zobacz-jak-mozesz-pomoc\/","og_locale":"en_US","og_type":"article","og_title":"How can you help us? -","og_description":"Chcesz wesprze\u0107 Bank \u017bywno\u015bci SOS w Warszawie? Zobacz, jak w prosty spos\u00f3b mo\u017cesz pom\u00f3c! Pom\u00f3\u017c jednorazowo lub pomagaj regularnie.","og_url":"https:\/\/bzsos.pl\/en\/zobacz-jak-mozesz-pomoc\/","article_modified_time":"2025-06-27T11:21:17+00:00","twitter_card":"summary_large_image","twitter_misc":{"Est. reading time":"1 minute"},"schema":{"@context":"https:\/\/schema.org","@graph":[{"@type":"WebPage","@id":"https:\/\/bzsos.pl\/en\/zobacz-jak-mozesz-pomoc\/","url":"https:\/\/bzsos.pl\/en\/zobacz-jak-mozesz-pomoc\/","name":"How can you help us? -","isPartOf":{"@id":"https:\/\/bzsos.pl\/#website"},"datePublished":"2025-06-13T10:33:12+00:00","dateModified":"2025-06-27T11:21:17+00:00","description":"Chcesz wesprze\u0107 Bank \u017bywno\u015bci SOS w Warszawie? Zobacz, jak w prosty spos\u00f3b mo\u017cesz pom\u00f3c! Pom\u00f3\u017c jednorazowo lub pomagaj regularnie.","breadcrumb":{"@id":"https:\/\/bzsos.pl\/en\/zobacz-jak-mozesz-pomoc\/#breadcrumb"},"inLanguage":"en-US","potentialAction":[{"@type":"ReadAction","target":["https:\/\/bzsos.pl\/en\/zobacz-jak-mozesz-pomoc\/"]}]},{"@type":"BreadcrumbList","@id":"https:\/\/bzsos.pl\/en\/zobacz-jak-mozesz-pomoc\/#breadcrumb","itemListElement":[{"@type":"ListItem","position":1,"name":"Home","item":"https:\/\/bzsos.pl\/en\/"},{"@type":"ListItem","position":2,"name":"How can you help us?"}]},{"@type":"WebSite","@id":"https:\/\/bzsos.pl\/#website","url":"https:\/\/bzsos.pl\/","name":"","description":"","potentialAction":[{"@type":"SearchAction","target":{"@type":"EntryPoint","urlTemplate":"https:\/\/bzsos.pl\/?s={search_term_string}"},"query-input":{"@type":"PropertyValueSpecification","valueRequired":true,"valueName":"search_term_string"}}],"inLanguage":"en-US"}]}},"_links":{"self":[{"href":"https:\/\/bzsos.pl\/en\/wp-json\/wp\/v2\/pages\/6028","targetHints":{"allow":["GET"]}}],"collection":[{"href":"https:\/\/bzsos.pl\/en\/wp-json\/wp\/v2\/pages"}],"about":[{"href":"https:\/\/bzsos.pl\/en\/wp-json\/wp\/v2\/types\/page"}],"author":[{"embeddable":true,"href":"https:\/\/bzsos.pl\/en\/wp-json\/wp\/v2\/users\/5"}],"replies":[{"embeddable":true,"href":"https:\/\/bzsos.pl\/en\/wp-json\/wp\/v2\/comments?post=6028"}],"version-history":[{"count":3,"href":"https:\/\/bzsos.pl\/en\/wp-json\/wp\/v2\/pages\/6028\/revisions"}],"predecessor-version":[{"id":6086,"href":"https:\/\/bzsos.pl\/en\/wp-json\/wp\/v2\/pages\/6028\/revisions\/6086"}],"wp:attachment":[{"href":"https:\/\/bzsos.pl\/en\/wp-json\/wp\/v2\/media?parent=6028"}],"curies":[{"name":"wp","href":"https:\/\/api.w.org\/{rel}","templated":true}]}}